{"id":877,"date":"2017-08-01T18:09:17","date_gmt":"2017-08-01T23:09:17","guid":{"rendered":"http:\/\/csodallas.org\/instalaciones\/"},"modified":"2020-02-11T08:47:01","modified_gmt":"2020-02-11T14:47:01","slug":"instalaciones","status":"publish","type":"page","link":"https:\/\/csodallas.org\/es\/instalaciones\/","title":{"rendered":"Instalaciones"},"content":{"rendered":"<span  class=\"x-dropcap\" >L<\/span>as Escuelas Cat\u00f3licas permiten la innovaci\u00f3n para promover el dise\u00f1o. Nuestros planteles reflejan las \u00faltimas tendencias educativas aplicadas de manera que respeten las tradiciones de nuestro pasado y nos permitan crecer de manera eficiente y responsable en el futuro. Nos aseguramos que las escuelas cuenten con instalaciones deportivas, aulas de ciencias, espacios de arte y m\u00fasica, \u00e1reas de adoraci\u00f3n y salones de clase amplios sin sacrificar la seguridad y protecci\u00f3n de nuestros estudiantes.<\/p>\n<p>Con cerca de 40 localidades en el \u00e1rea de DFW, es muy probable que haya una escuela Cat\u00f3lica cerca de usted.<\/p>\n<p><!--\n[custom_headline type=\"left\" level=\"h2\" looks_like=\"h3\" accent=\"true\"]\nESCUELA PREPARATORIA BISHOP LYNCH[\/custom_headline]\n\n[block_grid type=\"two-up\"] [block_grid_item] [image class=\"my-portfolio\" src=\"http:\/\/csodallas.org\/wp-content\/uploads\/2017\/01\/BLHS1.jpg\" alt=\"West Academic Wing Classroom\" type=\"thumbnail\" link=\"true\" href=\"http:\/\/csodallas.org\/wp-content\/uploads\/2017\/01\/BLHS1.jpg\" title=\"West Academic Wing Classroom\"] [\/block_grid_item][block_grid_item] [image class=\"my-portfolio\" src=\"http:\/\/csodallas.org\/wp-content\/uploads\/2017\/07\/BLHS3.jpg\" alt=\"Leyden Arts &amp; Athletics Complex\" type=\"thumbnail\" link=\"true\" href=\"http:\/\/csodallas.org\/wp-content\/uploads\/2017\/07\/BLHS3.jpg\" title=\"Leyden Arts &amp; Athletics Complex\"] [\/block_grid_item][block_grid_item] [image class=\"my-portfolio\" src=\"http:\/\/csodallas.org\/wp-content\/uploads\/2017\/07\/BLHS2.jpg\" alt=\"TEAL classrooms\" type=\"thumbnail\" link=\"true\" href=\"http:\/\/csodallas.org\/wp-content\/uploads\/2017\/07\/BLHS2.jpg\" title=\"TEAL classrooms\"] [\/block_grid_item] [block_grid_item] [image class=\"my-portfolio\" src=\"http:\/\/csodallas.org\/wp-content\/uploads\/2017\/07\/BLHS4.jpg\" alt=\"The Way - Athletics\" type=\"thumbnail\" link=\"true\" href=\"http:\/\/csodallas.org\/wp-content\/uploads\/2017\/07\/BLHS4.jpg\" title=\"The Way - Athletics\"] [\/block_grid_item] [\/block_grid][lightbox selector=\".my-portfolio\" deeplink=\"true\" opacity=\"0.875\" prev_scale=\"0.75\" prev_opacity=\"0.75\" next_scale=\"0.75\" next_opacity=\"0.75\" orientation=\"horizontal\" thumbnails=\"true\"]\n\n[custom_headline type=\"left\" level=\"h2\" looks_like=\"h3\" accent=\"true\"]\nESCUELA PREPARATORIA BISHOP DUNNE[\/custom_headline]\n\n[block_grid type=\"two-up\"] [block_grid_item] [image class=\"my-portfolio\" src=\"http:\/\/csodallas.org\/wp-content\/uploads\/2017\/07\/Dunne01-Outdoor_Cafeteria_Space.jpg\" alt=\"Outdoor Cafeteria Space\" type=\"thumbnail\" link=\"true\" href=\"http:\/\/csodallas.org\/wp-content\/uploads\/2017\/07\/Dunne01-Outdoor_Cafeteria_Space.jpg\" title=\"Outdoor Cafeteria Space\"] [\/block_grid_item][block_grid_item] [image class=\"my-portfolio\" src=\"http:\/\/csodallas.org\/wp-content\/uploads\/2017\/07\/Dunne02-Auditorium.jpg\" alt=\"Bishop Dunne Auditorium\" type=\"thumbnail\" link=\"true\" href=\"http:\/\/csodallas.org\/wp-content\/uploads\/2017\/07\/Dunne02-Auditorium.jpg\" title=\"Bishop Dunne Auditorium\"] [\/block_grid_item][\/block_grid][lightbox selector=\".my-portfolio\" deeplink=\"true\" opacity=\"0.875\" prev_scale=\"0.75\" prev_opacity=\"0.75\" next_scale=\"0.75\" next_opacity=\"0.75\" orientation=\"horizontal\" thumbnails=\"true\"]\n\n[custom_headline type=\"left\" level=\"h2\" looks_like=\"h3\" accent=\"true\"]\nESCUELA PREPARATORIA JOHN PAUL II[\/custom_headline]\n\n[block_grid type=\"two-up\"] [block_grid_item] [image class=\"my-portfolio\" src=\"http:\/\/csodallas.org\/wp-content\/uploads\/2017\/08\/JPII01-field-1.jpg\" alt=\"JPII Football Field\" type=\"thumbnail\" link=\"true\" href=\"http:\/\/csodallas.org\/wp-content\/uploads\/2017\/08\/JPII01-field-1.jpg\" title=\"JPII Football Field\"] [\/block_grid_item][block_grid_item] [image class=\"my-portfolio\" src=\"http:\/\/csodallas.org\/wp-content\/uploads\/2017\/08\/JPII02-Front-1.jpg\" alt=\"John Paul II Campus\" type=\"thumbnail\" link=\"true\" href=\"http:\/\/csodallas.org\/wp-content\/uploads\/2017\/08\/JPII02-Front-1.jpg\" title=\"John Paul II Campus\"] [\/block_grid_item][block_grid_item] [image class=\"my-portfolio\" src=\"http:\/\/csodallas.org\/wp-content\/uploads\/2017\/08\/JPII03-Chapel-2.jpg\" alt=\"Chapel\" type=\"thumbnail\" link=\"true\" href=\"http:\/\/csodallas.org\/wp-content\/uploads\/2017\/08\/JPII03-Chapel-2.jpg\" title=\"Chapel\"] [\/block_grid_item][block_grid_item] [image class=\"my-portfolio\" src=\"http:\/\/csodallas.org\/wp-content\/uploads\/2017\/08\/JPII04-Stations.jpg\" alt=\"Stations of the Cross\" type=\"thumbnail\" link=\"true\" href=\"http:\/\/csodallas.org\/wp-content\/uploads\/2017\/08\/JPII04-Stations.jpg\" title=\"Stations of the Cross\"] [\/block_grid_item][block_grid_item] [image class=\"my-portfolio\" src=\"http:\/\/csodallas.org\/wp-content\/uploads\/2017\/08\/JPII05-Library.jpg\" alt=\"Library\" type=\"thumbnail\" link=\"true\" href=\"http:\/\/csodallas.org\/wp-content\/uploads\/2017\/08\/JPII05-Library.jpg\" title=\"Library\"] [\/block_grid_item][block_grid_item] [image class=\"my-portfolio\" src=\"http:\/\/csodallas.org\/wp-content\/uploads\/2017\/08\/JPII07-Mural.jpg\" alt=\"Mural\" type=\"thumbnail\" link=\"true\" href=\"http:\/\/csodallas.org\/wp-content\/uploads\/2017\/08\/JPII07-Mural.jpg\" title=\"Mural\"] [\/block_grid_item][\/block_grid][lightbox selector=\".my-portfolio\" deeplink=\"true\" opacity=\"0.875\" prev_scale=\"0.75\" prev_opacity=\"0.75\" next_scale=\"0.75\" next_opacity=\"0.75\" orientation=\"horizontal\" thumbnails=\"true\"]\n\n[custom_headline type=\"left\" level=\"h2\" looks_like=\"h3\" accent=\"true\"]\nESCUELA CAT\u00d3LICA ST. MARK[\/custom_headline]\n\n[block_grid type=\"two-up\"] [block_grid_item] [image class=\"my-portfolio\" src=\"http:\/\/csodallas.org\/wp-content\/uploads\/2017\/07\/StMark1-STEM.jpg\" alt=\"STEM Lab\" type=\"thumbnail\" link=\"true\" href=\"http:\/\/csodallas.org\/wp-content\/uploads\/2017\/07\/StMark1-STEM.jpg\" title=\"STEM Lab\"] [\/block_grid_item][block_grid_item] [\/block_grid_item][\/block_grid][lightbox selector=\".my-portfolio\" deeplink=\"true\" opacity=\"0.875\" prev_scale=\"0.75\" prev_opacity=\"0.75\" next_scale=\"0.75\" next_opacity=\"0.75\" orientation=\"horizontal\" thumbnails=\"true\"] --><\/p>\n<p><!-------------------------- BISHOP LYNCH ACCORDION GALLERY ---------------------------------------><\/p>\n<div id=\"my-accordion\" class=\"x-accordion\" >\n<div  class=\"x-accordion-group\" ><div class=\"x-accordion-heading\"><a id=\"tab-69e23503a5036\" class=\"x-accordion-toggle collapsed\" role=\"tab\" data-x-toggle=\"collapse-b\" data-x-toggleable=\"69e23503a5036\" data-x-toggle-group=\"my-accordion\" aria-selected=\"false\" aria-expanded=\"false\" aria-controls=\"panel-69e23503a5036\">ESCUELA PREPARATORIA BISHOP LYNCH<\/a><\/div><div id=\"panel-69e23503a5036\" class=\"x-accordion-body x-collapsed\" role=\"tabpanel\" data-x-toggle-collapse=\"1\" data-x-toggleable=\"69e23503a5036\" aria-hidden=\"true\" aria-labelledby=\"tab-69e23503a5036\"><div class=\"x-accordion-inner\">\n<ul  class=\"x-block-grid two-up\" > <li  class=\"x-block-grid-item\" > <a  class=\"x-img my-portfolio x-img-link x-img-thumbnail\"  href=\"http:\/\/csodallas.org\/wp-content\/uploads\/2017\/01\/BLHS1.jpg\" title=\"West Academic Wing Classroom\"    data-options=\"thumbnail: 'http:\/\/csodallas.org\/wp-content\/uploads\/2017\/01\/BLHS1.jpg'\"><img src=\"http:\/\/csodallas.org\/wp-content\/uploads\/2017\/01\/BLHS1.jpg\" alt=\"West Academic Wing Classroom\"><\/a> <\/li> <li  class=\"x-block-grid-item\" > <a  class=\"x-img my-portfolio x-img-link x-img-thumbnail\"  href=\"http:\/\/csodallas.org\/wp-content\/uploads\/2017\/07\/BLHS3.jpg\" title=\"Leyden Arts &amp; Athletics Complex\"    data-options=\"thumbnail: 'http:\/\/csodallas.org\/wp-content\/uploads\/2017\/07\/BLHS3.jpg'\"><img src=\"http:\/\/csodallas.org\/wp-content\/uploads\/2017\/07\/BLHS3.jpg\" alt=\"Leyden Arts &amp; Athletics Complex\"><\/a> <\/li> <li  class=\"x-block-grid-item\" > <a  class=\"x-img my-portfolio x-img-link x-img-thumbnail\"  href=\"http:\/\/csodallas.org\/wp-content\/uploads\/2017\/07\/BLHS2.jpg\" title=\"TEAL classrooms\"    data-options=\"thumbnail: 'http:\/\/csodallas.org\/wp-content\/uploads\/2017\/07\/BLHS2.jpg'\"><img src=\"http:\/\/csodallas.org\/wp-content\/uploads\/2017\/07\/BLHS2.jpg\" alt=\"TEAL classrooms\"><\/a> <\/li> <li  class=\"x-block-grid-item\" > <a  class=\"x-img my-portfolio x-img-link x-img-thumbnail\"  href=\"http:\/\/csodallas.org\/wp-content\/uploads\/2017\/07\/BLHS4.jpg\" title=\"The Way - Athletics\"    data-options=\"thumbnail: 'http:\/\/csodallas.org\/wp-content\/uploads\/2017\/07\/BLHS4.jpg'\"><img src=\"http:\/\/csodallas.org\/wp-content\/uploads\/2017\/07\/BLHS4.jpg\" alt=\"The Way - Athletics\"><\/a> <\/li> <\/ul><span id=\"x-lightbox-1\" data-x-element-lightbox=\"{&quot;selector&quot;:&quot;.my-portfolio&quot;,&quot;deeplink&quot;:true,&quot;opacity&quot;:&quot;0.875&quot;,&quot;prevScale&quot;:&quot;0.75&quot;,&quot;prevOpacity&quot;:&quot;0.75&quot;,&quot;nextScale&quot;:&quot;0.75&quot;,&quot;nextOpacity&quot;:&quot;0.75&quot;,&quot;orientation&quot;:&quot;horizontal&quot;,&quot;thumbnails&quot;:true}\"><\/span>\n<\/div><\/div><\/div>\n<p><!-------------------------- BISHOP DUNNE ACCORDION GALLERY ---------------------------------------><\/p>\n<div  class=\"x-accordion-group\" ><div class=\"x-accordion-heading\"><a id=\"tab-69e23503a5426\" class=\"x-accordion-toggle collapsed\" role=\"tab\" data-x-toggle=\"collapse-b\" data-x-toggleable=\"69e23503a5426\" data-x-toggle-group=\"my-accordion\" aria-selected=\"false\" aria-expanded=\"false\" aria-controls=\"panel-69e23503a5426\">ESCUELA PREPARATORIA BISHOP DUNNE<\/a><\/div><div id=\"panel-69e23503a5426\" class=\"x-accordion-body x-collapsed\" role=\"tabpanel\" data-x-toggle-collapse=\"1\" data-x-toggleable=\"69e23503a5426\" aria-hidden=\"true\" aria-labelledby=\"tab-69e23503a5426\"><div class=\"x-accordion-inner\">\n<ul  class=\"x-block-grid two-up\" > <li  class=\"x-block-grid-item\" > <a  class=\"x-img my-portfolio x-img-link x-img-thumbnail\"  href=\"http:\/\/csodallas.org\/wp-content\/uploads\/2017\/07\/Dunne01-Outdoor_Cafeteria_Space.jpg\" title=\"Outdoor Cafeteria Space\"    data-options=\"thumbnail: 'http:\/\/csodallas.org\/wp-content\/uploads\/2017\/07\/Dunne01-Outdoor_Cafeteria_Space.jpg'\"><img src=\"http:\/\/csodallas.org\/wp-content\/uploads\/2017\/07\/Dunne01-Outdoor_Cafeteria_Space.jpg\" alt=\"Outdoor Cafeteria Space\"><\/a> <\/li><li  class=\"x-block-grid-item\" > <a  class=\"x-img my-portfolio x-img-link x-img-thumbnail\"  href=\"http:\/\/csodallas.org\/wp-content\/uploads\/2017\/07\/Dunne02-Auditorium.jpg\" title=\"Bishop Dunne Auditorium\"    data-options=\"thumbnail: 'http:\/\/csodallas.org\/wp-content\/uploads\/2017\/07\/Dunne02-Auditorium.jpg'\"><img src=\"http:\/\/csodallas.org\/wp-content\/uploads\/2017\/07\/Dunne02-Auditorium.jpg\" alt=\"Bishop Dunne Auditorium\"><\/a> <\/li><\/ul><span id=\"x-lightbox-2\" data-x-element-lightbox=\"{&quot;selector&quot;:&quot;.my-portfolio&quot;,&quot;deeplink&quot;:true,&quot;opacity&quot;:&quot;0.875&quot;,&quot;prevScale&quot;:&quot;0.75&quot;,&quot;prevOpacity&quot;:&quot;0.75&quot;,&quot;nextScale&quot;:&quot;0.75&quot;,&quot;nextOpacity&quot;:&quot;0.75&quot;,&quot;orientation&quot;:&quot;horizontal&quot;,&quot;thumbnails&quot;:true}\"><\/span><\/div><\/div><\/div>\n<p><!-------------------------- JOHN PAUL II ACCORDION GALLERY ---------------------------------------><\/p>\n<div  class=\"x-accordion-group\" ><div class=\"x-accordion-heading\"><a id=\"tab-69e23503a55a0\" class=\"x-accordion-toggle collapsed\" role=\"tab\" data-x-toggle=\"collapse-b\" data-x-toggleable=\"69e23503a55a0\" data-x-toggle-group=\"my-accordion\" aria-selected=\"false\" aria-expanded=\"false\" aria-controls=\"panel-69e23503a55a0\">ESCUELA PREPARATORIA JOHN PAUL II<\/a><\/div><div id=\"panel-69e23503a55a0\" class=\"x-accordion-body x-collapsed\" role=\"tabpanel\" data-x-toggle-collapse=\"1\" data-x-toggleable=\"69e23503a55a0\" aria-hidden=\"true\" aria-labelledby=\"tab-69e23503a55a0\"><div class=\"x-accordion-inner\">\n<ul  class=\"x-block-grid two-up\" > <li  class=\"x-block-grid-item\" > <a  class=\"x-img my-portfolio x-img-link x-img-thumbnail\"  href=\"http:\/\/csodallas.org\/wp-content\/uploads\/2017\/08\/JPII01-field-1.jpg\" title=\"JPII Football Field\"    data-options=\"thumbnail: 'http:\/\/csodallas.org\/wp-content\/uploads\/2017\/08\/JPII01-field-1.jpg'\"><img src=\"http:\/\/csodallas.org\/wp-content\/uploads\/2017\/08\/JPII01-field-1.jpg\" alt=\"JPII Football Field\"><\/a> <\/li><li  class=\"x-block-grid-item\" > <a  class=\"x-img my-portfolio x-img-link x-img-thumbnail\"  href=\"http:\/\/csodallas.org\/wp-content\/uploads\/2017\/08\/JPII02-Front-1.jpg\" title=\"John Paul II Campus\"    data-options=\"thumbnail: 'http:\/\/csodallas.org\/wp-content\/uploads\/2017\/08\/JPII02-Front-1.jpg'\"><img src=\"http:\/\/csodallas.org\/wp-content\/uploads\/2017\/08\/JPII02-Front-1.jpg\" alt=\"John Paul II Campus\"><\/a> <\/li><li  class=\"x-block-grid-item\" > <a  class=\"x-img my-portfolio x-img-link x-img-thumbnail\"  href=\"http:\/\/csodallas.org\/wp-content\/uploads\/2017\/08\/JPII03-Chapel-2.jpg\" title=\"Chapel\"    data-options=\"thumbnail: 'http:\/\/csodallas.org\/wp-content\/uploads\/2017\/08\/JPII03-Chapel-2.jpg'\"><img src=\"http:\/\/csodallas.org\/wp-content\/uploads\/2017\/08\/JPII03-Chapel-2.jpg\" alt=\"Chapel\"><\/a> <\/li><li  class=\"x-block-grid-item\" > <a  class=\"x-img my-portfolio x-img-link x-img-thumbnail\"  href=\"http:\/\/csodallas.org\/wp-content\/uploads\/2017\/08\/JPII04-Stations.jpg\" title=\"Stations of the Cross\"    data-options=\"thumbnail: 'http:\/\/csodallas.org\/wp-content\/uploads\/2017\/08\/JPII04-Stations.jpg'\"><img src=\"http:\/\/csodallas.org\/wp-content\/uploads\/2017\/08\/JPII04-Stations.jpg\" alt=\"Stations of the Cross\"><\/a> <\/li><li  class=\"x-block-grid-item\" > <a  class=\"x-img my-portfolio x-img-link x-img-thumbnail\"  href=\"http:\/\/csodallas.org\/wp-content\/uploads\/2017\/08\/JPII05-Library.jpg\" title=\"Library\"    data-options=\"thumbnail: 'http:\/\/csodallas.org\/wp-content\/uploads\/2017\/08\/JPII05-Library.jpg'\"><img src=\"http:\/\/csodallas.org\/wp-content\/uploads\/2017\/08\/JPII05-Library.jpg\" alt=\"Library\"><\/a> <\/li><li  class=\"x-block-grid-item\" > <a  class=\"x-img my-portfolio x-img-link x-img-thumbnail\"  href=\"http:\/\/csodallas.org\/wp-content\/uploads\/2017\/08\/JPII07-Mural.jpg\" title=\"Mural\"    data-options=\"thumbnail: 'http:\/\/csodallas.org\/wp-content\/uploads\/2017\/08\/JPII07-Mural.jpg'\"><img src=\"http:\/\/csodallas.org\/wp-content\/uploads\/2017\/08\/JPII07-Mural.jpg\" alt=\"Mural\"><\/a> <\/li><\/ul><span id=\"x-lightbox-3\" data-x-element-lightbox=\"{&quot;selector&quot;:&quot;.my-portfolio&quot;,&quot;deeplink&quot;:true,&quot;opacity&quot;:&quot;0.875&quot;,&quot;prevScale&quot;:&quot;0.75&quot;,&quot;prevOpacity&quot;:&quot;0.75&quot;,&quot;nextScale&quot;:&quot;0.75&quot;,&quot;nextOpacity&quot;:&quot;0.75&quot;,&quot;orientation&quot;:&quot;horizontal&quot;,&quot;thumbnails&quot;:true}\"><\/span><\/div><\/div><\/div> <\/div>\n<p><!-------------------------- ST MARK ACCORDION GALLERY -------------------------------------\n\n[accordion_item title=\"ESCUELA CAT\u00d3LICA ST. MARK\" parent_id=\"my-accordion\"][block_grid type=\"two-up\"] [block_grid_item] [image class=\"my-portfolio\" src=\"http:\/\/csodallas.org\/wp-content\/uploads\/2017\/07\/StMark1-STEM.jpg\" alt=\"STEM Lab\" type=\"thumbnail\" link=\"true\" href=\"http:\/\/csodallas.org\/wp-content\/uploads\/2017\/07\/StMark1-STEM.jpg\" title=\"STEM Lab\"] [\/block_grid_item][block_grid_item] [\/block_grid_item][\/block_grid][lightbox selector=\".my-portfolio\" deeplink=\"true\" opacity=\"0.875\" prev_scale=\"0.75\" prev_opacity=\"0.75\" next_scale=\"0.75\" next_opacity=\"0.75\" orientation=\"horizontal\" thumbnails=\"true\"][\/accordion_item]\n\n--><\/p>\n<p><!-------------------------- ALL SAINTS ACCORDION GALLERY ---------------------------------------><\/p>\n<div  class=\"x-accordion-group\" ><div class=\"x-accordion-heading\"><a id=\"tab-69e23503a57b2\" class=\"x-accordion-toggle collapsed\" role=\"tab\" data-x-toggle=\"collapse-b\" data-x-toggleable=\"69e23503a57b2\" data-x-toggle-group=\"my-accordion\" aria-selected=\"false\" aria-expanded=\"false\" aria-controls=\"panel-69e23503a57b2\">All Saints<\/a><\/div><div id=\"panel-69e23503a57b2\" class=\"x-accordion-body x-collapsed\" role=\"tabpanel\" data-x-toggle-collapse=\"1\" data-x-toggleable=\"69e23503a57b2\" aria-hidden=\"true\" aria-labelledby=\"tab-69e23503a57b2\"><div class=\"x-accordion-inner\">\nAll Saints<\/p>\n<ul  class=\"x-block-grid two-up\" >\n<li  class=\"x-block-grid-item\" > <a  class=\"x-img my-portfolio x-img-link x-img-thumbnail\"  href=\"http:\/\/csodallas.org\/wp-content\/uploads\/2020\/02\/ASCS_Kids_003-scaled.jpg\" title=\"All Saints\"    data-options=\"thumbnail: 'http:\/\/csodallas.org\/wp-content\/uploads\/2020\/02\/ASCS_Kids_003-scaled.jpg'\"><img src=\"http:\/\/csodallas.org\/wp-content\/uploads\/2020\/02\/ASCS_Kids_003-scaled.jpg\" alt=\"All Saints STEAM Learning Lab\"><\/a> <\/li> <\/p>\n<li  class=\"x-block-grid-item\" > <a  class=\"x-img my-portfolio x-img-link x-img-thumbnail\"  href=\"http:\/\/csodallas.org\/wp-content\/uploads\/2020\/02\/IMG_0833-scaled.jpg\" title=\"All Saints\"    data-options=\"thumbnail: 'http:\/\/csodallas.org\/wp-content\/uploads\/2020\/02\/IMG_0833-scaled.jpg'\"><img src=\"http:\/\/csodallas.org\/wp-content\/uploads\/2020\/02\/IMG_0833-scaled.jpg\" alt=\"All Saints STEAM Learning Lab\"><\/a> <\/li>\n<li  class=\"x-block-grid-item\" > <a  class=\"x-img my-portfolio x-img-link x-img-thumbnail\"  href=\"http:\/\/csodallas.org\/wp-content\/uploads\/2020\/02\/STEAM_016-scaled.jpg\" title=\"All Saints\"    data-options=\"thumbnail: 'http:\/\/csodallas.org\/wp-content\/uploads\/2020\/02\/STEAM_016-scaled.jpg'\"><img src=\"http:\/\/csodallas.org\/wp-content\/uploads\/2020\/02\/STEAM_016-scaled.jpg\" alt=\"All Saints STEAM Learning Lab\"><\/a> <\/li>\n<li  class=\"x-block-grid-item\" > <a  class=\"x-img my-portfolio x-img-link x-img-thumbnail\"  href=\"http:\/\/csodallas.org\/wp-content\/uploads\/2020\/02\/IMG_0719-scaled.jpg\" title=\"All Saints\"    data-options=\"thumbnail: 'http:\/\/csodallas.org\/wp-content\/uploads\/2020\/02\/IMG_0719-scaled.jpg'\"><img src=\"http:\/\/csodallas.org\/wp-content\/uploads\/2020\/02\/IMG_0719-scaled.jpg\" alt=\"All Saints STEAM Learning Lab\"><\/a> <\/li>\n<\/ul><span id=\"x-lightbox-4\" data-x-element-lightbox=\"{&quot;selector&quot;:&quot;.my-portfolio&quot;,&quot;deeplink&quot;:true,&quot;opacity&quot;:&quot;0.875&quot;,&quot;prevScale&quot;:&quot;0.75&quot;,&quot;prevOpacity&quot;:&quot;0.75&quot;,&quot;nextScale&quot;:&quot;0.75&quot;,&quot;nextOpacity&quot;:&quot;0.75&quot;,&quot;orientation&quot;:&quot;horizontal&quot;,&quot;thumbnails&quot;:true}\"><\/span><\/div><\/div><\/div>\n","protected":false},"excerpt":{"rendered":"<p>as Escuelas Cat\u00f3licas permiten la innovaci\u00f3n para promover el dise\u00f1o. Nuestros planteles reflejan las \u00faltimas tendencias educativas aplicadas de manera que respeten las tradiciones de nuestro pasado y nos permitan crecer de manera eficiente y responsable en el futuro. Nos aseguramos que las escuelas cuenten con instalaciones deportivas, aulas de ciencias, espacios de arte y m\u00fasica, \u00e1reas de adoraci\u00f3n y &#8230; <\/p>\n<div><a href=\"https:\/\/csodallas.org\/es\/instalaciones\/\" class=\"more-link\">Read More<\/a><\/div>\n","protected":false},"author":86,"featured_media":0,"parent":0,"menu_order":4,"comment_status":"closed","ping_status":"closed","template":"","meta":{"_price":"","_stock":"","_tribe_ticket_header":"","_tribe_default_ticket_provider":"","_tribe_ticket_capacity":"0","_ticket_start_date":"","_ticket_end_date":"","_tribe_ticket_show_description":"","_tribe_ticket_show_not_going":false,"_tribe_ticket_use_global_stock":"","_tribe_ticket_global_stock_level":"","_global_stock_mode":"","_global_stock_cap":"","_tribe_rsvp_for_event":"","_tribe_ticket_going_count":"","_tribe_ticket_not_going_count":"","_tribe_tickets_list":[],"_tribe_ticket_has_attendee_info_fields":false},"acf":[],"yoast_head":"<!-- This site is optimized with the Yoast SEO plugin v21.1 - https:\/\/yoast.com\/wordpress\/plugins\/seo\/ -->\n<title>Instalaciones - Catholic Schools in the Diocese of Dallas<\/title>\n<meta name=\"robots\" content=\"index, follow, max-snippet:-1, max-image-preview:large, max-video-preview:-1\" \/>\n<link rel=\"canonical\" href=\"https:\/\/csodallas.org\/es\/instalaciones\/\" \/>\n<meta property=\"og:locale\" content=\"es_ES\" \/>\n<meta property=\"og:type\" content=\"article\" \/>\n<meta property=\"og:title\" content=\"Instalaciones - Catholic Schools in the Diocese of Dallas\" \/>\n<meta property=\"og:description\" content=\"as Escuelas Cat\u00f3licas permiten la innovaci\u00f3n para promover el dise\u00f1o. Nuestros planteles reflejan las \u00faltimas tendencias educativas aplicadas de manera que respeten las tradiciones de nuestro pasado y nos permitan crecer de manera eficiente y responsable en el futuro. Nos aseguramos que las escuelas cuenten con instalaciones deportivas, aulas de ciencias, espacios de arte y m\u00fasica, \u00e1reas de adoraci\u00f3n y ... Read More\" \/>\n<meta property=\"og:url\" content=\"https:\/\/csodallas.org\/es\/instalaciones\/\" \/>\n<meta property=\"og:site_name\" content=\"Catholic Schools in the Diocese of Dallas\" \/>\n<meta property=\"article:modified_time\" content=\"2020-02-11T14:47:01+00:00\" \/>\n<meta name=\"twitter:card\" content=\"summary_large_image\" \/>\n<meta name=\"twitter:label1\" content=\"Tiempo de lectura\" \/>\n\t<meta name=\"twitter:data1\" content=\"4 minutos\" \/>\n<script type=\"application\/ld+json\" class=\"yoast-schema-graph\">{\"@context\":\"https:\/\/schema.org\",\"@graph\":[{\"@type\":\"WebPage\",\"@id\":\"https:\/\/csodallas.org\/es\/instalaciones\/\",\"url\":\"https:\/\/csodallas.org\/es\/instalaciones\/\",\"name\":\"Instalaciones - Catholic Schools in the Diocese of Dallas\",\"isPartOf\":{\"@id\":\"https:\/\/csodallas.org\/#website\"},\"datePublished\":\"2017-08-01T23:09:17+00:00\",\"dateModified\":\"2020-02-11T14:47:01+00:00\",\"breadcrumb\":{\"@id\":\"https:\/\/csodallas.org\/es\/instalaciones\/#breadcrumb\"},\"inLanguage\":\"es\",\"potentialAction\":[{\"@type\":\"ReadAction\",\"target\":[\"https:\/\/csodallas.org\/es\/instalaciones\/\"]}]},{\"@type\":\"BreadcrumbList\",\"@id\":\"https:\/\/csodallas.org\/es\/instalaciones\/#breadcrumb\",\"itemListElement\":[{\"@type\":\"ListItem\",\"position\":1,\"name\":\"Home\",\"item\":\"https:\/\/csodallas.org\/es\/\"},{\"@type\":\"ListItem\",\"position\":2,\"name\":\"Instalaciones\"}]},{\"@type\":\"WebSite\",\"@id\":\"https:\/\/csodallas.org\/#website\",\"url\":\"https:\/\/csodallas.org\/\",\"name\":\"Catholic Schools in the Diocese of Dallas\",\"description\":\"Forming Saints and Scholars\",\"potentialAction\":[{\"@type\":\"SearchAction\",\"target\":{\"@type\":\"EntryPoint\",\"urlTemplate\":\"https:\/\/csodallas.org\/?s={search_term_string}\"},\"query-input\":\"required name=search_term_string\"}],\"inLanguage\":\"es\"}]}<\/script>\n<!-- \/ Yoast SEO plugin. -->","yoast_head_json":{"title":"Instalaciones - Catholic Schools in the Diocese of Dallas","robots":{"index":"index","follow":"follow","max-snippet":"max-snippet:-1","max-image-preview":"max-image-preview:large","max-video-preview":"max-video-preview:-1"},"canonical":"https:\/\/csodallas.org\/es\/instalaciones\/","og_locale":"es_ES","og_type":"article","og_title":"Instalaciones - Catholic Schools in the Diocese of Dallas","og_description":"as Escuelas Cat\u00f3licas permiten la innovaci\u00f3n para promover el dise\u00f1o. Nuestros planteles reflejan las \u00faltimas tendencias educativas aplicadas de manera que respeten las tradiciones de nuestro pasado y nos permitan crecer de manera eficiente y responsable en el futuro. Nos aseguramos que las escuelas cuenten con instalaciones deportivas, aulas de ciencias, espacios de arte y m\u00fasica, \u00e1reas de adoraci\u00f3n y ... Read More","og_url":"https:\/\/csodallas.org\/es\/instalaciones\/","og_site_name":"Catholic Schools in the Diocese of Dallas","article_modified_time":"2020-02-11T14:47:01+00:00","twitter_card":"summary_large_image","twitter_misc":{"Tiempo de lectura":"4 minutos"},"schema":{"@context":"https:\/\/schema.org","@graph":[{"@type":"WebPage","@id":"https:\/\/csodallas.org\/es\/instalaciones\/","url":"https:\/\/csodallas.org\/es\/instalaciones\/","name":"Instalaciones - Catholic Schools in the Diocese of Dallas","isPartOf":{"@id":"https:\/\/csodallas.org\/#website"},"datePublished":"2017-08-01T23:09:17+00:00","dateModified":"2020-02-11T14:47:01+00:00","breadcrumb":{"@id":"https:\/\/csodallas.org\/es\/instalaciones\/#breadcrumb"},"inLanguage":"es","potentialAction":[{"@type":"ReadAction","target":["https:\/\/csodallas.org\/es\/instalaciones\/"]}]},{"@type":"BreadcrumbList","@id":"https:\/\/csodallas.org\/es\/instalaciones\/#breadcrumb","itemListElement":[{"@type":"ListItem","position":1,"name":"Home","item":"https:\/\/csodallas.org\/es\/"},{"@type":"ListItem","position":2,"name":"Instalaciones"}]},{"@type":"WebSite","@id":"https:\/\/csodallas.org\/#website","url":"https:\/\/csodallas.org\/","name":"Catholic Schools in the Diocese of Dallas","description":"Forming Saints and Scholars","potentialAction":[{"@type":"SearchAction","target":{"@type":"EntryPoint","urlTemplate":"https:\/\/csodallas.org\/?s={search_term_string}"},"query-input":"required name=search_term_string"}],"inLanguage":"es"}]}},"ticketed":false,"_links":{"self":[{"href":"https:\/\/csodallas.org\/es\/wp-json\/wp\/v2\/pages\/877"}],"collection":[{"href":"https:\/\/csodallas.org\/es\/wp-json\/wp\/v2\/pages"}],"about":[{"href":"https:\/\/csodallas.org\/es\/wp-json\/wp\/v2\/types\/page"}],"author":[{"embeddable":true,"href":"https:\/\/csodallas.org\/es\/wp-json\/wp\/v2\/users\/86"}],"replies":[{"embeddable":true,"href":"https:\/\/csodallas.org\/es\/wp-json\/wp\/v2\/comments?post=877"}],"version-history":[{"count":0,"href":"https:\/\/csodallas.org\/es\/wp-json\/wp\/v2\/pages\/877\/revisions"}],"wp:attachment":[{"href":"https:\/\/csodallas.org\/es\/wp-json\/wp\/v2\/media?parent=877"}],"curies":[{"name":"wp","href":"https:\/\/api.w.org\/{rel}","templated":true}]}}