{"id":872,"date":"2017-08-01T17:59:04","date_gmt":"2017-08-01T22:59:04","guid":{"rendered":"http:\/\/csodallas.org\/ambito-academico\/"},"modified":"2018-02-26T15:28:28","modified_gmt":"2018-02-26T21:28:28","slug":"ambito-academico","status":"publish","type":"page","link":"https:\/\/csodallas.org\/es\/ambito-academico\/","title":{"rendered":"\u00c1mbito Acad\u00e9mico y Actividades Co-Curriculares"},"content":{"rendered":"<p>&nbsp;<\/p>\n<span  class=\"x-dropcap\" >L<\/span>as Escuelas Cat\u00f3licas en la Di\u00f3cesis de Dallas creen en una preparaci\u00f3n excepcional para la universidad y m\u00e1s all\u00e1, por la cual ofrecemos inigualables programas de lectura, escritura, matem\u00e1ticas y ciencias, al tiempo que aseguramos una educaci\u00f3n integral que incluya lengua extranjera, m\u00fasica, arte, rob\u00f3tica, programaci\u00f3n y STEM.<\/p>\n<p>Hemos dedicado escuelas de inmersi\u00f3n dual de idiomas, escuelas de necesidades especiales, escuelas de discapacidades leves a moderadas y escuelas preparatoria tradicionales, todo esto con el fin de asegurar que usted pueda elegir la educaci\u00f3n que mejor se adapte a las necesidades de su estudiante.<\/p>\n<p>Las escuelas primarias de la Di\u00f3cesis Cat\u00f3lica de Dallas utilizan <strong><a href=\"https:\/\/csodallas.org\/curriculum-guides\/\">gu\u00edas curriculares<\/a><\/strong> dise\u00f1adas espec\u00edficamente para la misi\u00f3n y objetivos del \u00e9xito estudiantil. Estas normas son esenciales para que los estudiantes alcancen las expectativas de aprendizaje. La informaci\u00f3n que se proporciona dentro de estos documentos est\u00e1 destinada para proporcionar una muestra del tipo de enfoque educativo que se utilizar\u00e1 dentro de los sitios locales y no debe ser considerada una fuente exhaustiva de informaci\u00f3n. Adem\u00e1s, en \u00faltima instancia, la ejecuci\u00f3n del plan de estudios es determinada a nivel local. Si usted tiene preguntas o preocupaciones acerca de una implementaci\u00f3n espec\u00edfica, p\u00f3ngase en contacto con la escuela local. <\/p>\n<div id=\"x-content-band-1\" class=\"x-content-band center-text marginless-columns man\" style=\"background-color: transparent; padding-top: 0; padding-bottom: 0;\"><div class=\"x-container\">\n<div  class=\"x-column x-sm x-1-2\" style=\"padding: 0px;\" ><img decoding=\"async\" src=\"https:\/\/csodallas.org\/wp-content\/uploads\/2017\/07\/blscholv2-534x400.jpg\" width = 100% \/><\/div>\n<div  class=\"x-column x-sm x-1-2\" style=\"padding: 35px; background-color: #cadb2a;\" >\n<h4 style=\"margin-top: 0px; font-size: 140%; color: #ffffff; text-transform: uppercase;\">CASI EL 70% DE LOS GRADUADOS DEL A\u00d1O PASADO EN ESCUELAS PREPARATORIAS CAT\u00d3LICAS OBTUVIERON BECAS, POR UN TOTAL DE APROXIMADAMENTE<br \/><strong>$100 MILLONES<\/strong>.<\/h4>\n<\/div><\/div><\/div>\n<div id=\"x-content-band-2\" class=\"x-content-band center-text marginless-columns man\" style=\"background-color: transparent; padding-top: 0; padding-bottom: 0;\"><div class=\"x-container\"><div  class=\"x-column x-sm x-1-2\" style=\"padding: 35px; background-color: #69a543;\" >\n<h4 style=\"margin-top: 0px; font-size: 140%; color: #ffffff; text-transform: uppercase;\">TASA DE GRADUACI\u00d3N DE LAS ESCUELAS PREPARATORIAS CAT\u00d3LICAS:<\/h4>\n<h2  class=\"h-custom-headline responsive-heading center-text\" style=\"margin-top: 20px; color: #ffffff;\"><span>99%<\/span><\/h2><span id=\"x-responsive-text-1\" data-x-element-responsive-text=\"{&quot;selector&quot;:&quot;.responsive-heading&quot;,&quot;compression&quot;:&quot;1.5&quot;,&quot;minFontSize&quot;:&quot;120px&quot;,&quot;maxFontSize&quot;:&quot;175px&quot;}\"><\/span><\/div>\n<div  class=\"x-column x-sm x-1-2\" style=\"padding: 0px;\" ><img decoding=\"async\" src=\"https:\/\/csodallas.org\/wp-content\/uploads\/2017\/07\/dunnegrad-534x400.jpg\" width = 100% \/><\/div>\n<\/div><\/div>\n<h2  class=\"h-custom-headline h2 accent\" ><span>PUNTAJES SAT\/ACT <\/span><\/h2>\n<p><strong>Promedio SAT<\/strong><br \/>\n<h6 class=\"h-skill-bar\">GRADUADOS DE ESCUELAS CAT\u00d3LICAS<\/h6><div  class=\"x-skill-bar\" data-x-element=\"skill_bar\" data-x-params=\"{&quot;percent&quot;:&quot;1730&quot;}\"><div class=\"bar\" style=\" max-width: 95%; background-color: #45caf5\"><div class=\"percent\">1730<\/div><\/div><\/div>\n<h6 class=\"h-skill-bar\">PROMEDIO ESTATAL<\/h6><div  class=\"x-skill-bar\" data-x-element=\"skill_bar\" data-x-params=\"{&quot;percent&quot;:&quot;1377&quot;}\"><div class=\"bar\" style=\" max-width: 80%; background-color: #c2272d\"><div class=\"percent\">1377<\/div><\/div><\/div>\n<p><strong>ACT Promedio<\/strong><br \/>\n<h6 class=\"h-skill-bar\">GRADUADOS DE ESCUELAS CAT\u00d3LICAS<\/h6><div  class=\"x-skill-bar\" data-x-element=\"skill_bar\" data-x-params=\"{&quot;percent&quot;:&quot;26.1&quot;}\"><div class=\"bar\" style=\" min-width: 90%; background-color: #45caf5\"><div class=\"percent\">26.1<\/div><\/div><\/div>\n<h6 class=\"h-skill-bar\">PROMEDIO ESTATAL<\/h6><div  class=\"x-skill-bar\" data-x-element=\"skill_bar\" data-x-params=\"{&quot;percent&quot;:&quot;20.6&quot;}\"><div class=\"bar\" style=\" min-width: 70%; background-color: #c2272d\"><div class=\"percent\">20.6<\/div><\/div><\/div>\n<p><!----------------------------------------BLUE RIBBON SCHOOLS SECTION --------------------------------><\/p>\n<blockquote  class=\"x-blockquote\" >21 Escuelas List\u00f3n Azul<img decoding=\"async\" loading=\"lazy\" class=\"alignright size-thumbnail wp-image-646\" src=\"https:\/\/csodallas.org\/wp-content\/uploads\/2017\/01\/1200px-National_Blue_Ribbon_Schools_seal.svg_-150x150.png\" alt=\"\" width=\"150\" height=\"150\" srcset=\"https:\/\/csodallas.org\/wp-content\/uploads\/2017\/01\/1200px-National_Blue_Ribbon_Schools_seal.svg_-150x150.png 150w, https:\/\/csodallas.org\/wp-content\/uploads\/2017\/01\/1200px-National_Blue_Ribbon_Schools_seal.svg_-300x300.png 300w, https:\/\/csodallas.org\/wp-content\/uploads\/2017\/01\/1200px-National_Blue_Ribbon_Schools_seal.svg_-768x768.png 768w, https:\/\/csodallas.org\/wp-content\/uploads\/2017\/01\/1200px-National_Blue_Ribbon_Schools_seal.svg_-1024x1024.png 1024w, https:\/\/csodallas.org\/wp-content\/uploads\/2017\/01\/1200px-National_Blue_Ribbon_Schools_seal.svg_-500x500.png 500w, https:\/\/csodallas.org\/wp-content\/uploads\/2017\/01\/1200px-National_Blue_Ribbon_Schools_seal.svg_-1000x1000.png 1000w, https:\/\/csodallas.org\/wp-content\/uploads\/2017\/01\/1200px-National_Blue_Ribbon_Schools_seal.svg_-100x100.png 100w, https:\/\/csodallas.org\/wp-content\/uploads\/2017\/01\/1200px-National_Blue_Ribbon_Schools_seal.svg_.png 1200w\" sizes=\"(max-width: 150px) 100vw, 150px\" \/> <\/blockquote>\n<div style=\"width:25%; padding:0 5px 0 0; float: left;\">\n<a href=\"http:\/\/school.icgrandprairie.org\/\" target=\"_blank\" style=\"line-height: 1.2\"><strong>Immaculate Conception<\/strong><\/a><br \/>\n<a href=\"http:\/\/saintspride.com\/\" target=\"_blank\" style=\"line-height: 1.2\"><strong>St. Elizabeth<\/strong><\/a><br \/>\n<a href=\"http:\/\/www.hfca-irving.org\/  \" target=\"_blank\" style=\"line-height: 1.2\"><strong>Holy Family of Nazareth<\/strong><\/a><br \/>\n<a href=\"http:\/\/www.bishoplynch.org\/\" target=\"_blank\" style=\"line-height: 1.2\"><strong>Bishop Lynch High School<\/strong><\/a><br \/>\n<a href=\"https:\/\/www.jesuitcp.org\/ \" target=\"_blank\" style=\"line-height: 1.2\"><strong>Jesuit College<\/strong><\/a><br \/>\n<a href=\"http:\/\/www.stmcs.net\/\" target=\"_blank\" style=\"line-height: 1.2\"><strong>St. Mark the Evangelist<\/strong><\/a><br \/>\n<a href=\"http:\/\/www.ursulinedallas.org\/\" target=\"_blank\" style=\"line-height: 1.2\"><strong>Ursuline<\/strong><\/a><br \/>\n<a href=\"http:\/\/www.cks.org\/\" target=\"_blank\" style=\"line-height: 1.2\"><strong>Christ the King<\/strong><\/a><br \/>\n<a href=\"http:\/\/www.staschool.org\/ \" target=\"_blank\" style=\"line-height: 1.2\"><strong>St. Thomas Aquinas<\/strong><\/a><br \/>\n<a href=\"http:\/\/www.bishoplynch.org\/ \" target=\"_blank\" style=\"line-height: 1.2\"><strong>Bishop Lynch High School<\/strong><\/a><br \/>\n<a href=\"http:\/\/www.spsdfw.org\/ \" target=\"_blank\" style=\"line-height: 1.2\"><strong>St. Paul Apostle<\/strong><\/a><\/p>\n<\/div>\n<div style=\"width:17%; padding:0 5px 0 0; float: left;\">\n<a href=\"http:\/\/school.icgrandprairie.org\/\" target=\"_blank\" style=\"line-height: 1.2\"><strong>1986<\/strong><\/a><br \/>\n<a href=\"http:\/\/saintspride.com\/\" target=\"_blank\" style=\"line-height: 1.2\"><strong>1988<\/strong><\/a><br \/>\n<a href=\"http:\/\/www.hfca-irving.org\/  \" target=\"_blank\" style=\"line-height: 1.2\"><strong>1990<\/strong><\/a><br \/>\n<a href=\"http:\/\/www.bishoplynch.org\/\" target=\"_blank\" style=\"line-height: 1.2\"><strong>1991<\/strong><\/a><br \/>\n<a href=\"https:\/\/www.jesuitcp.org\/ \" target=\"_blank\" style=\"line-height: 1.2\"><strong>1991<\/strong><\/a><br \/>\n<a href=\"http:\/\/www.stmcs.net\/ \" target=\"_blank\" style=\"line-height: 1.2\"><strong>1992<\/strong><\/a><br \/>\n<a href=\"http:\/\/www.ursulinedallas.org\/\" target=\"_blank\" style=\"line-height: 1.2\"><strong>1993<\/strong><\/a><br \/>\n<a href=\"http:\/\/www.cks.org\/\" target=\"_blank\" style=\"line-height: 1.2\"><strong>1994<\/strong><\/a><br \/>\n<a href=\"http:\/\/www.staschool.org\/ \" target=\"_blank\" style=\"line-height: 1.2\"><strong>1997<\/strong><\/a><br \/>\n<a href=\"http:\/\/www.bishoplynch.org\/ \" target=\"_blank\" style=\"line-height: 1.2\"><strong>1986<\/strong><\/a><br \/>\n<a href=\"http:\/\/www.spsdfw.org\/ \" target=\"_blank\" style=\"line-height: 1.2\"><strong>1999<\/strong><\/a><\/p>\n<\/div>\n<div style=\"width:25%; padding:0 10px 0 0; float: left;\">\n<a href=\"http:\/\/www.strita.net\/ \" target=\"_blank\" style=\"line-height: 1.2\"><strong>St. Rita<\/strong><\/a><br \/>\n<a href=\"http:\/\/www.stmonicaschool.org\/ \" target=\"_blank\" style=\"line-height: 1.2\"><strong>St. Monica<\/strong><\/a><br \/>\n<a href=\"http:\/\/www.spsdallas.org\/ \" target=\"_blank\" style=\"line-height: 1.2\"><strong>St. Patrick<\/strong><\/a><br \/>\n<a href=\"http:\/\/www.popschool.net\/ \" target=\"_blank\" style=\"line-height: 1.2\"><strong>Prince of Peace<\/strong><\/a><br \/>\n<a href=\"http:\/\/www.allsaintsk8.org\/education\/ascs_home \" target=\"_blank\" style=\"line-height: 1.2\"><strong>All Saints<\/strong><\/a><br \/>\n<a href=\"http:\/\/www.stmcs.net\/\" target=\"_blank\" style=\"line-height: 1.2\"><strong>St. Mark the Evangelist<\/strong><\/a><br \/>\n<a href=\"http:\/\/www.mischool.org\/\" target=\"_blank\" style=\"line-height: 1.2\"><strong>Mary Immaculate<\/strong><\/a><br \/>\n<a href=\"http:\/\/www.staschool.org\/\" target=\"_blank\" style=\"line-height: 1.2\"><strong>St. Thomas Aquinas<\/strong><\/a><br \/>\n<a href=\"http:\/\/www.allsaintsk8.org\/education\/ascs_home\/\" target=\"_blank\" style=\"line-height: 1.2\"><strong>All Saints<\/strong><\/a><br \/>\n<a href=\"http:\/\/www.cks.org\/\" target=\"_blank\" style=\"line-height: 1.2\"><strong>Christ the King<\/strong><\/a><br \/>\n<a href=\"http:\/\/www.popschool.net\/\" target=\"_blank\" style=\"line-height: 1.2\"><strong>Prince of Peace<\/strong><\/a>\n<\/div>\n<div style=\"width:10%; padding:0 5px 0 0; float: left;\">\n<a href=\"http:\/\/www.strita.net\/ \" target=\"_blank\" style=\"line-height: 1.2\"><strong>1999<\/strong><\/a><br \/>\n<a href=\"http:\/\/www.stmonicaschool.org\/\" target=\"_blank\" style=\"line-height: 1.2\"><strong>2003<\/strong><\/a><br \/>\n<a href=\"http:\/\/www.spsdallas.org\/\" target=\"_blank\" style=\"line-height: 1.2\"><strong>2005<\/strong><\/a><br \/>\n<a href=\"http:\/\/www.popschool.net\/\" target=\"_blank\" style=\"line-height: 1.2\"><strong>2006<\/strong><\/a><br \/>\n<a href=\"http:\/\/www.allsaintsk8.org\/education\/ascs_home\/\" target=\"_blank\" style=\"line-height: 1.2\"><strong>2006<\/strong><\/a><br \/>\n<a href=\"http:\/\/www.stmcs.net\/\" target=\"_blank\" style=\"line-height: 1.2\"><strong>2007<\/strong><\/a><br \/>\n<a href=\"http:\/\/www.mischool.org\/\" target=\"_blank\" style=\"line-height: 1.2\"><strong>2008<\/strong><\/a><br \/>\n<a href=\"http:\/\/www.staschool.org\/\" target=\"_blank\" style=\"line-height: 1.2\"><strong>2012<\/strong><\/a><br \/>\n<a href=\"http:\/\/www.allsaintsk8.org\/education\/ascs_home\/\" target=\"_blank\" style=\"line-height: 1.2\"><strong>2015<\/strong><\/a><br \/>\n<a href=\"http:\/\/www.cks.org\/\" target=\"_blank\" style=\"line-height: 1.2\"><strong>2015<\/strong><\/a><br \/>\n<a href=\"http:\/\/www.popschool.net\/\" target=\"_blank\" style=\"line-height: 1.2\"><strong>2016<\/strong><\/a>\n<\/div>\n<div style=\u201dclear:both;\u201d><\/div>\n<p><!----------------------------------------ATHLETICS SECTION --------------------------------><br \/>\n&nbsp;<br \/>\n&nbsp;<br \/>\n&nbsp;<br \/>\n&nbsp;<br \/>\n&nbsp;<br \/>\n&nbsp;<br \/>\n&nbsp;<br \/>\n&nbsp;<br \/>\n&nbsp;<br \/>\n&nbsp;<br \/>\n&nbsp;<\/p>\n<h2  class=\"h-custom-headline h2 accent\" ><span>ATLETISMO<\/span><\/h2>\n<p>Nuestros estudiantes compiten entre s\u00ed y contra el nivel m\u00e1s alto de talento atl\u00e9tico en Texas. Adem\u00e1s de aprender trabajo en equipo, resistencia, dedicaci\u00f3n y perseverancia, nuestros estudiantes ganan campeonatos y crecen juntos.<\/p>\n<p style=\"text-align: center;\"><ul  class=\"x-block-grid four-up\" style=\"text-align: center; font-weight: bold\">\n<li  class=\"x-block-grid-item\" > <a href=\"http:\/\/www.dunnesports.com\/\" target=\"_blank\" rel=\"noopener\"><img  class=\"x-img x-img-thumbnail\"  src=\"http:\/\/csodallas.org\/wp-content\/uploads\/2017\/01\/dunnesports-500x500.jpg\" >\n<p style=\"line-height: 1.2\"><strong>Escuela Prepatoria<\/strong><br \/>Bishop Dunne<\/a><\/p>\n<\/li>\n<li  class=\"x-block-grid-item\" > <a href=\"http:\/\/blfriars.org\/\" target=\"_blank\" rel=\"noopener\"><img  class=\"x-img x-img-thumbnail\"  src=\"http:\/\/csodallas.org\/wp-content\/uploads\/2017\/07\/bl-500x500.jpg\" alt=\"Place Alt Text Here\">\n<p style=\"line-height: 1.2\"><strong>Escuela Prepatoria<\/strong><br \/>Bishop Lynch<\/a><\/p>\n<\/li>\n<li  class=\"x-block-grid-item\" > <a href=\"http:\/\/www.johnpauliihs.org\/johnpaul\/campuslife\/athletics\" target=\"_blank\" rel=\"noopener\"><img  class=\"x-img x-img-thumbnail\"  src=\"http:\/\/csodallas.org\/wp-content\/uploads\/2017\/07\/jpIIhockey-500x500.jpg\" alt=\"Place Alt Text Here\">\n<p style=\"line-height: 1.2\"><strong>Escuela Prepatoria<\/strong><br \/>John Paul II<\/a><\/p>\n<\/li>\n<li  class=\"x-block-grid-item\" > <a href=\"http:\/\/www.dallasparochialleague.com\/\" target=\"_blank\" rel=\"noopener\"><img  class=\"x-img x-img-thumbnail\"  src=\"http:\/\/csodallas.org\/wp-content\/uploads\/2017\/07\/Featured-DPL.jpg\" alt=\"Place Alt Text Here\">Liga Parroquial de Dallas<\/a> <\/li> <\/ul>\n<p><!----------------------------------------FINE ARTS SECTION --------------------------------><\/p>\n<h2  class=\"h-custom-headline h2 accent\" ><span>BELLAS ARTES<\/span><\/h2>\n<p>Las escuelas Cat\u00f3licas tienen una rica tradici\u00f3n de desarrollo y entrenamiento en las bellas artes. Las escuelas ofrecen una amplia variedad de actividades de artes, que van desde la m\u00fasica instrumental hasta las artes esc\u00e9nicas tradicionales. Existen m\u00faltiples opciones para elegir dependiendo de los intereses de sus hijos.<\/p>\n<p style=\"text-align: center;\"><ul  class=\"x-block-grid four-up\" style=\"text-align: center; font-weight: bold\"> <li  class=\"x-block-grid-item\" > <a href=\"https:\/\/www.bdcs.org\/uploaded\/Bishop_Dunne\/Rugged_Literary_Magazine\/Rugged_Winter_2016.pdf\" target=\"_blank\" rel=\"noopener\"><img  class=\"x-img x-img-thumbnail\"  src=\"http:\/\/csodallas.org\/wp-content\/uploads\/2017\/07\/DunneArts-500x500.jpg\" alt=\"Place Alt Text Here\">\n<p style=\"line-height: 1.2\"><strong>Escuela Prepatoria<\/strong><br \/>Bishop Dunne<\/a><\/p>\n<\/li>\n<li  class=\"x-block-grid-item\" > <a href=\"https:\/\/www.youtube.com\/watch?v=S0VGAFxbpF8\" target=\"_blank\" rel=\"noopener\"><img  class=\"x-img x-img-thumbnail\"  src=\"http:\/\/csodallas.org\/wp-content\/uploads\/2017\/07\/BLchoir-500x500-1.jpg\" >\n<p style=\"line-height: 1.2\"><strong>Escuela Prepatoria<\/strong><br \/>Bishop Lynch<\/a><\/p>\n<\/li>\n<li  class=\"x-block-grid-item\" > <a href=\"https:\/\/collinscatholicschool.org\/art-club\" target=\"_blank\" rel=\"noopener\"><img  class=\"x-img x-img-thumbnail\"  src=\"http:\/\/csodallas.org\/wp-content\/uploads\/2017\/07\/JamesLCollins-500x500.jpg\" alt=\"Place Alt Text Here\">\n<p style=\"line-height: 1.2\"><strong>James L. Collins<\/strong><br \/>PreK-8th Grade<\/a><\/p>\n<\/li>\n<li  class=\"x-block-grid-item\" > <a href=\"http:\/\/stmcs.net\/spring-musical\" target=\"_blank\" rel=\"noopener\"><img  class=\"x-img x-img-thumbnail\"  src=\"http:\/\/csodallas.org\/wp-content\/uploads\/2017\/07\/StMark-500x500.jpg\" >\n<p style=\"line-height: 1.2\"><strong>St. Mark<\/strong><br \/>PreK3-8th Grade<\/a><\/p>\n<\/li> <\/ul>\n","protected":false},"excerpt":{"rendered":"<p>&nbsp; as Escuelas Cat\u00f3licas en la Di\u00f3cesis de Dallas creen en una preparaci\u00f3n excepcional para la universidad y m\u00e1s all\u00e1, por la cual ofrecemos inigualables programas de lectura, escritura, matem\u00e1ticas y ciencias, al tiempo que aseguramos una educaci\u00f3n integral que incluya lengua extranjera, m\u00fasica, arte, rob\u00f3tica, programaci\u00f3n y STEM. Hemos dedicado escuelas de inmersi\u00f3n dual de idiomas, escuelas de necesidades &#8230; <\/p>\n<div><a href=\"https:\/\/csodallas.org\/es\/ambito-academico\/\" class=\"more-link\">Read More<\/a><\/div>\n","protected":false},"author":86,"featured_media":0,"parent":0,"menu_order":1,"comment_status":"closed","ping_status":"closed","template":"","meta":{"_price":"","_stock":"","_tribe_ticket_header":"","_tribe_default_ticket_provider":"","_tribe_ticket_capacity":"0","_ticket_start_date":"","_ticket_end_date":"","_tribe_ticket_show_description":"","_tribe_ticket_show_not_going":false,"_tribe_ticket_use_global_stock":"","_tribe_ticket_global_stock_level":"","_global_stock_mode":"","_global_stock_cap":"","_tribe_rsvp_for_event":"","_tribe_ticket_going_count":"","_tribe_ticket_not_going_count":"","_tribe_tickets_list":[],"_tribe_ticket_has_attendee_info_fields":false},"acf":[],"yoast_head":"<!-- This site is optimized with the Yoast SEO plugin v21.1 - https:\/\/yoast.com\/wordpress\/plugins\/seo\/ -->\n<title>\u00c1mbito Acad\u00e9mico y Actividades Co-Curriculares - Catholic Schools in the Diocese of Dallas<\/title>\n<meta name=\"robots\" content=\"index, follow, max-snippet:-1, max-image-preview:large, max-video-preview:-1\" \/>\n<link rel=\"canonical\" href=\"https:\/\/csodallas.org\/es\/ambito-academico\/\" \/>\n<meta property=\"og:locale\" content=\"es_ES\" \/>\n<meta property=\"og:type\" content=\"article\" \/>\n<meta property=\"og:title\" content=\"\u00c1mbito Acad\u00e9mico y Actividades Co-Curriculares - Catholic Schools in the Diocese of Dallas\" \/>\n<meta property=\"og:description\" content=\"&nbsp; as Escuelas Cat\u00f3licas en la Di\u00f3cesis de Dallas creen en una preparaci\u00f3n excepcional para la universidad y m\u00e1s all\u00e1, por la cual ofrecemos inigualables programas de lectura, escritura, matem\u00e1ticas y ciencias, al tiempo que aseguramos una educaci\u00f3n integral que incluya lengua extranjera, m\u00fasica, arte, rob\u00f3tica, programaci\u00f3n y STEM. Hemos dedicado escuelas de inmersi\u00f3n dual de idiomas, escuelas de necesidades ... Read More\" \/>\n<meta property=\"og:url\" content=\"https:\/\/csodallas.org\/es\/ambito-academico\/\" \/>\n<meta property=\"og:site_name\" content=\"Catholic Schools in the Diocese of Dallas\" \/>\n<meta property=\"article:modified_time\" content=\"2018-02-26T21:28:28+00:00\" \/>\n<meta property=\"og:image\" content=\"http:\/\/csodallas.org\/wp-content\/uploads\/2017\/07\/blscholv2-534x400.jpg\" \/>\n<meta name=\"twitter:card\" content=\"summary_large_image\" \/>\n<meta name=\"twitter:label1\" content=\"Tiempo de lectura\" \/>\n\t<meta name=\"twitter:data1\" content=\"4 minutos\" \/>\n<script type=\"application\/ld+json\" class=\"yoast-schema-graph\">{\"@context\":\"https:\/\/schema.org\",\"@graph\":[{\"@type\":\"WebPage\",\"@id\":\"https:\/\/csodallas.org\/es\/ambito-academico\/\",\"url\":\"https:\/\/csodallas.org\/es\/ambito-academico\/\",\"name\":\"\u00c1mbito Acad\u00e9mico y Actividades Co-Curriculares - Catholic Schools in the Diocese of Dallas\",\"isPartOf\":{\"@id\":\"https:\/\/csodallas.org\/#website\"},\"datePublished\":\"2017-08-01T22:59:04+00:00\",\"dateModified\":\"2018-02-26T21:28:28+00:00\",\"breadcrumb\":{\"@id\":\"https:\/\/csodallas.org\/es\/ambito-academico\/#breadcrumb\"},\"inLanguage\":\"es\",\"potentialAction\":[{\"@type\":\"ReadAction\",\"target\":[\"https:\/\/csodallas.org\/es\/ambito-academico\/\"]}]},{\"@type\":\"BreadcrumbList\",\"@id\":\"https:\/\/csodallas.org\/es\/ambito-academico\/#breadcrumb\",\"itemListElement\":[{\"@type\":\"ListItem\",\"position\":1,\"name\":\"Home\",\"item\":\"https:\/\/csodallas.org\/es\/\"},{\"@type\":\"ListItem\",\"position\":2,\"name\":\"\u00c1mbito Acad\u00e9mico y Actividades Co-Curriculares\"}]},{\"@type\":\"WebSite\",\"@id\":\"https:\/\/csodallas.org\/#website\",\"url\":\"https:\/\/csodallas.org\/\",\"name\":\"Catholic Schools in the Diocese of Dallas\",\"description\":\"Forming Saints and Scholars\",\"potentialAction\":[{\"@type\":\"SearchAction\",\"target\":{\"@type\":\"EntryPoint\",\"urlTemplate\":\"https:\/\/csodallas.org\/?s={search_term_string}\"},\"query-input\":\"required name=search_term_string\"}],\"inLanguage\":\"es\"}]}<\/script>\n<!-- \/ Yoast SEO plugin. -->","yoast_head_json":{"title":"\u00c1mbito Acad\u00e9mico y Actividades Co-Curriculares - Catholic Schools in the Diocese of Dallas","robots":{"index":"index","follow":"follow","max-snippet":"max-snippet:-1","max-image-preview":"max-image-preview:large","max-video-preview":"max-video-preview:-1"},"canonical":"https:\/\/csodallas.org\/es\/ambito-academico\/","og_locale":"es_ES","og_type":"article","og_title":"\u00c1mbito Acad\u00e9mico y Actividades Co-Curriculares - Catholic Schools in the Diocese of Dallas","og_description":"&nbsp; as Escuelas Cat\u00f3licas en la Di\u00f3cesis de Dallas creen en una preparaci\u00f3n excepcional para la universidad y m\u00e1s all\u00e1, por la cual ofrecemos inigualables programas de lectura, escritura, matem\u00e1ticas y ciencias, al tiempo que aseguramos una educaci\u00f3n integral que incluya lengua extranjera, m\u00fasica, arte, rob\u00f3tica, programaci\u00f3n y STEM. Hemos dedicado escuelas de inmersi\u00f3n dual de idiomas, escuelas de necesidades ... Read More","og_url":"https:\/\/csodallas.org\/es\/ambito-academico\/","og_site_name":"Catholic Schools in the Diocese of Dallas","article_modified_time":"2018-02-26T21:28:28+00:00","og_image":[{"url":"http:\/\/csodallas.org\/wp-content\/uploads\/2017\/07\/blscholv2-534x400.jpg"}],"twitter_card":"summary_large_image","twitter_misc":{"Tiempo de lectura":"4 minutos"},"schema":{"@context":"https:\/\/schema.org","@graph":[{"@type":"WebPage","@id":"https:\/\/csodallas.org\/es\/ambito-academico\/","url":"https:\/\/csodallas.org\/es\/ambito-academico\/","name":"\u00c1mbito Acad\u00e9mico y Actividades Co-Curriculares - Catholic Schools in the Diocese of Dallas","isPartOf":{"@id":"https:\/\/csodallas.org\/#website"},"datePublished":"2017-08-01T22:59:04+00:00","dateModified":"2018-02-26T21:28:28+00:00","breadcrumb":{"@id":"https:\/\/csodallas.org\/es\/ambito-academico\/#breadcrumb"},"inLanguage":"es","potentialAction":[{"@type":"ReadAction","target":["https:\/\/csodallas.org\/es\/ambito-academico\/"]}]},{"@type":"BreadcrumbList","@id":"https:\/\/csodallas.org\/es\/ambito-academico\/#breadcrumb","itemListElement":[{"@type":"ListItem","position":1,"name":"Home","item":"https:\/\/csodallas.org\/es\/"},{"@type":"ListItem","position":2,"name":"\u00c1mbito Acad\u00e9mico y Actividades Co-Curriculares"}]},{"@type":"WebSite","@id":"https:\/\/csodallas.org\/#website","url":"https:\/\/csodallas.org\/","name":"Catholic Schools in the Diocese of Dallas","description":"Forming Saints and Scholars","potentialAction":[{"@type":"SearchAction","target":{"@type":"EntryPoint","urlTemplate":"https:\/\/csodallas.org\/?s={search_term_string}"},"query-input":"required name=search_term_string"}],"inLanguage":"es"}]}},"ticketed":false,"_links":{"self":[{"href":"https:\/\/csodallas.org\/es\/wp-json\/wp\/v2\/pages\/872"}],"collection":[{"href":"https:\/\/csodallas.org\/es\/wp-json\/wp\/v2\/pages"}],"about":[{"href":"https:\/\/csodallas.org\/es\/wp-json\/wp\/v2\/types\/page"}],"author":[{"embeddable":true,"href":"https:\/\/csodallas.org\/es\/wp-json\/wp\/v2\/users\/86"}],"replies":[{"embeddable":true,"href":"https:\/\/csodallas.org\/es\/wp-json\/wp\/v2\/comments?post=872"}],"version-history":[{"count":0,"href":"https:\/\/csodallas.org\/es\/wp-json\/wp\/v2\/pages\/872\/revisions"}],"wp:attachment":[{"href":"https:\/\/csodallas.org\/es\/wp-json\/wp\/v2\/media?parent=872"}],"curies":[{"name":"wp","href":"https:\/\/api.w.org\/{rel}","templated":true}]}}