{"id":859,"date":"2017-08-01T17:45:55","date_gmt":"2017-08-01T22:45:55","guid":{"rendered":"http:\/\/csodallas.org\/identidad-catolica\/"},"modified":"2017-08-17T10:28:12","modified_gmt":"2017-08-17T15:28:12","slug":"identidad-catolica","status":"publish","type":"page","link":"https:\/\/csodallas.org\/es\/identidad-catolica\/","title":{"rendered":"Identidad Cat\u00f3lica"},"content":{"rendered":"<span  class=\"x-dropcap\" >L<\/span>a formaci\u00f3n en la fe es una parte importante de todas las Escuelas Cat\u00f3licas. Si bien esperamos que los estudiantes de todas las profesiones y tradiciones de fe se sientan c\u00f3modos, bienvenidos y sean capaces de crecer en nuestro sistema, siempre abordamos dicho crecimiento desde una perspectiva Cat\u00f3lica. Nuestras escuelas ense\u00f1an los sacramentos y se centran en la formaci\u00f3n de personas para que conozcan y sirvan a Dios y a sus comunidades, aprendan a orar, reflexionen, se desarrollen como personas de fe, cuiden de la creaci\u00f3n de Dios, amen el aprendizaje y encarnen los ideales de servicio, hospitalidad, vida comunitaria y equilibrio en sus vidas.<\/p>\n<p>Nuestras escuelas, en \u00faltima instancia, educan individuos capaces de poner su fe en acci\u00f3n dentro de su vida cotidiana.<\/p>\n<h2  class=\"h-custom-headline h2 accent\" style=\"text-transform: uppercase\"><span>FE EN ACCI\u00d3N:<br \/>\nVIAJE MISIONERO A NICARAGUA<\/span><\/h2>\n<p>En el a\u00f1o 2017, los j\u00f3venes de la Di\u00f3cesis Cat\u00f3lica de Dallas <a href=\"http:\/\/dallasyouthmissiontrip.blogspot.com\/\" target=\"_blank\" rel=\"noopener\">realizaron un viaje misionero<\/a> a los pueblos de D\u00edria y Tepeyac (en las afueras de la ciudad de Granada) en Nicaragua para conocer y servir a la comunidad.<\/p>\n<ul  class=\"x-block-grid three-up\" > <li  class=\"x-block-grid-item\" > <img  class=\"x-img x-img-thumbnail\"  src=\"http:\/\/csodallas.org\/wp-content\/uploads\/2017\/01\/missiontrip2-534x400.jpg\" > <\/li> <li  class=\"x-block-grid-item\" > <img  class=\"x-img x-img-thumbnail\"  src=\"http:\/\/csodallas.org\/wp-content\/uploads\/2017\/07\/missiontrip3-534x400.jpg\" > <\/li> <li  class=\"x-block-grid-item\" > <img  class=\"x-img x-img-thumbnail\"  src=\"http:\/\/csodallas.org\/wp-content\/uploads\/2017\/01\/missiontrip1-534x400.jpg\" > <\/li> <\/ul>\n","protected":false},"excerpt":{"rendered":"<p>a formaci\u00f3n en la fe es una parte importante de todas las Escuelas Cat\u00f3licas. Si bien esperamos que los estudiantes de todas las profesiones y tradiciones de fe se sientan c\u00f3modos, bienvenidos y sean capaces de crecer en nuestro sistema, siempre abordamos dicho crecimiento desde una perspectiva Cat\u00f3lica. Nuestras escuelas ense\u00f1an los sacramentos y se centran en la formaci\u00f3n de &#8230; <\/p>\n<div><a href=\"https:\/\/csodallas.org\/es\/identidad-catolica\/\" class=\"more-link\">Read More<\/a><\/div>\n","protected":false},"author":86,"featured_media":0,"parent":0,"menu_order":3,"comment_status":"closed","ping_status":"closed","template":"template-blank-1.php","meta":{"_price":"","_stock":"","_tribe_ticket_header":"","_tribe_default_ticket_provider":"","_tribe_ticket_capacity":"0","_ticket_start_date":"","_ticket_end_date":"","_tribe_ticket_show_description":"","_tribe_ticket_show_not_going":false,"_tribe_ticket_use_global_stock":"","_tribe_ticket_global_stock_level":"","_global_stock_mode":"","_global_stock_cap":"","_tribe_rsvp_for_event":"","_tribe_ticket_going_count":"","_tribe_ticket_not_going_count":"","_tribe_tickets_list":[],"_tribe_ticket_has_attendee_info_fields":false},"acf":[],"yoast_head":"<!-- This site is optimized with the Yoast SEO plugin v21.1 - https:\/\/yoast.com\/wordpress\/plugins\/seo\/ -->\n<title>Identidad Cat\u00f3lica - Catholic Schools in the Diocese of Dallas<\/title>\n<meta name=\"robots\" content=\"index, follow, max-snippet:-1, max-image-preview:large, max-video-preview:-1\" \/>\n<link rel=\"canonical\" href=\"https:\/\/csodallas.org\/es\/identidad-catolica\/\" \/>\n<meta property=\"og:locale\" content=\"es_ES\" \/>\n<meta property=\"og:type\" content=\"article\" \/>\n<meta property=\"og:title\" content=\"Identidad Cat\u00f3lica - Catholic Schools in the Diocese of Dallas\" \/>\n<meta property=\"og:description\" content=\"a formaci\u00f3n en la fe es una parte importante de todas las Escuelas Cat\u00f3licas. Si bien esperamos que los estudiantes de todas las profesiones y tradiciones de fe se sientan c\u00f3modos, bienvenidos y sean capaces de crecer en nuestro sistema, siempre abordamos dicho crecimiento desde una perspectiva Cat\u00f3lica. Nuestras escuelas ense\u00f1an los sacramentos y se centran en la formaci\u00f3n de ... Read More\" \/>\n<meta property=\"og:url\" content=\"https:\/\/csodallas.org\/es\/identidad-catolica\/\" \/>\n<meta property=\"og:site_name\" content=\"Catholic Schools in the Diocese of Dallas\" \/>\n<meta property=\"article:modified_time\" content=\"2017-08-17T15:28:12+00:00\" \/>\n<meta name=\"twitter:card\" content=\"summary_large_image\" \/>\n<meta name=\"twitter:label1\" content=\"Tiempo de lectura\" \/>\n\t<meta name=\"twitter:data1\" content=\"1 minuto\" \/>\n<script type=\"application\/ld+json\" class=\"yoast-schema-graph\">{\"@context\":\"https:\/\/schema.org\",\"@graph\":[{\"@type\":\"WebPage\",\"@id\":\"https:\/\/csodallas.org\/es\/identidad-catolica\/\",\"url\":\"https:\/\/csodallas.org\/es\/identidad-catolica\/\",\"name\":\"Identidad Cat\u00f3lica - Catholic Schools in the Diocese of Dallas\",\"isPartOf\":{\"@id\":\"https:\/\/csodallas.org\/#website\"},\"datePublished\":\"2017-08-01T22:45:55+00:00\",\"dateModified\":\"2017-08-17T15:28:12+00:00\",\"breadcrumb\":{\"@id\":\"https:\/\/csodallas.org\/es\/identidad-catolica\/#breadcrumb\"},\"inLanguage\":\"es\",\"potentialAction\":[{\"@type\":\"ReadAction\",\"target\":[\"https:\/\/csodallas.org\/es\/identidad-catolica\/\"]}]},{\"@type\":\"BreadcrumbList\",\"@id\":\"https:\/\/csodallas.org\/es\/identidad-catolica\/#breadcrumb\",\"itemListElement\":[{\"@type\":\"ListItem\",\"position\":1,\"name\":\"Home\",\"item\":\"https:\/\/csodallas.org\/es\/\"},{\"@type\":\"ListItem\",\"position\":2,\"name\":\"Identidad Cat\u00f3lica\"}]},{\"@type\":\"WebSite\",\"@id\":\"https:\/\/csodallas.org\/#website\",\"url\":\"https:\/\/csodallas.org\/\",\"name\":\"Catholic Schools in the Diocese of Dallas\",\"description\":\"Forming Saints and Scholars\",\"potentialAction\":[{\"@type\":\"SearchAction\",\"target\":{\"@type\":\"EntryPoint\",\"urlTemplate\":\"https:\/\/csodallas.org\/?s={search_term_string}\"},\"query-input\":\"required name=search_term_string\"}],\"inLanguage\":\"es\"}]}<\/script>\n<!-- \/ Yoast SEO plugin. -->","yoast_head_json":{"title":"Identidad Cat\u00f3lica - Catholic Schools in the Diocese of Dallas","robots":{"index":"index","follow":"follow","max-snippet":"max-snippet:-1","max-image-preview":"max-image-preview:large","max-video-preview":"max-video-preview:-1"},"canonical":"https:\/\/csodallas.org\/es\/identidad-catolica\/","og_locale":"es_ES","og_type":"article","og_title":"Identidad Cat\u00f3lica - Catholic Schools in the Diocese of Dallas","og_description":"a formaci\u00f3n en la fe es una parte importante de todas las Escuelas Cat\u00f3licas. Si bien esperamos que los estudiantes de todas las profesiones y tradiciones de fe se sientan c\u00f3modos, bienvenidos y sean capaces de crecer en nuestro sistema, siempre abordamos dicho crecimiento desde una perspectiva Cat\u00f3lica. Nuestras escuelas ense\u00f1an los sacramentos y se centran en la formaci\u00f3n de ... Read More","og_url":"https:\/\/csodallas.org\/es\/identidad-catolica\/","og_site_name":"Catholic Schools in the Diocese of Dallas","article_modified_time":"2017-08-17T15:28:12+00:00","twitter_card":"summary_large_image","twitter_misc":{"Tiempo de lectura":"1 minuto"},"schema":{"@context":"https:\/\/schema.org","@graph":[{"@type":"WebPage","@id":"https:\/\/csodallas.org\/es\/identidad-catolica\/","url":"https:\/\/csodallas.org\/es\/identidad-catolica\/","name":"Identidad Cat\u00f3lica - Catholic Schools in the Diocese of Dallas","isPartOf":{"@id":"https:\/\/csodallas.org\/#website"},"datePublished":"2017-08-01T22:45:55+00:00","dateModified":"2017-08-17T15:28:12+00:00","breadcrumb":{"@id":"https:\/\/csodallas.org\/es\/identidad-catolica\/#breadcrumb"},"inLanguage":"es","potentialAction":[{"@type":"ReadAction","target":["https:\/\/csodallas.org\/es\/identidad-catolica\/"]}]},{"@type":"BreadcrumbList","@id":"https:\/\/csodallas.org\/es\/identidad-catolica\/#breadcrumb","itemListElement":[{"@type":"ListItem","position":1,"name":"Home","item":"https:\/\/csodallas.org\/es\/"},{"@type":"ListItem","position":2,"name":"Identidad Cat\u00f3lica"}]},{"@type":"WebSite","@id":"https:\/\/csodallas.org\/#website","url":"https:\/\/csodallas.org\/","name":"Catholic Schools in the Diocese of Dallas","description":"Forming Saints and Scholars","potentialAction":[{"@type":"SearchAction","target":{"@type":"EntryPoint","urlTemplate":"https:\/\/csodallas.org\/?s={search_term_string}"},"query-input":"required name=search_term_string"}],"inLanguage":"es"}]}},"ticketed":false,"_links":{"self":[{"href":"https:\/\/csodallas.org\/es\/wp-json\/wp\/v2\/pages\/859"}],"collection":[{"href":"https:\/\/csodallas.org\/es\/wp-json\/wp\/v2\/pages"}],"about":[{"href":"https:\/\/csodallas.org\/es\/wp-json\/wp\/v2\/types\/page"}],"author":[{"embeddable":true,"href":"https:\/\/csodallas.org\/es\/wp-json\/wp\/v2\/users\/86"}],"replies":[{"embeddable":true,"href":"https:\/\/csodallas.org\/es\/wp-json\/wp\/v2\/comments?post=859"}],"version-history":[{"count":0,"href":"https:\/\/csodallas.org\/es\/wp-json\/wp\/v2\/pages\/859\/revisions"}],"wp:attachment":[{"href":"https:\/\/csodallas.org\/es\/wp-json\/wp\/v2\/media?parent=859"}],"curies":[{"name":"wp","href":"https:\/\/api.w.org\/{rel}","templated":true}]}}