{"id":511,"date":"2017-07-10T14:38:56","date_gmt":"2017-07-10T19:38:56","guid":{"rendered":"http:\/\/csodallas.org\/comuniquese-con-nosotros\/"},"modified":"2019-05-13T15:11:12","modified_gmt":"2019-05-13T20:11:12","slug":"comuniquese-con-nosotros","status":"publish","type":"page","link":"https:\/\/csodallas.org\/es\/comuniquese-con-nosotros\/","title":{"rendered":"Comun\u00edquese con Nosotros"},"content":{"rendered":"<p>En la Di\u00f3cesis de Dallas, creemos que la misi\u00f3n de las Escuelas Cat\u00f3licas es servir a las poblaciones subtendidas y asegurar que todos los estudiantes, independientemente de sus medios, sus antecedentes o su fe, sean instruidos de tal manera que sus esfuerzos les permitan llegar a la universidad y al cielo.<\/p>\n<p><strong>Catholic Schools Office<\/strong><br \/>\nCatholic Diocese of Dallas<br \/>\n3725 Blackburn Street<br \/>\nDallas, Texas 75219<br \/>\n<a href=\"tel:1-214-379-2829\">(214) 379-2829<\/a><\/p>\n<p><a href=\"mailto:education@cathdal.org\">education@cathdal.org<\/a><\/p>\n<h2>Env\u00ede Mensaje<\/h2>\n<script type=\"text\/javascript\">var gform;gform||(document.addEventListener(\"gform_main_scripts_loaded\",function(){gform.scriptsLoaded=!0}),window.addEventListener(\"DOMContentLoaded\",function(){gform.domLoaded=!0}),gform={domLoaded:!1,scriptsLoaded:!1,initializeOnLoaded:function(o){gform.domLoaded&&gform.scriptsLoaded?o():!gform.domLoaded&&gform.scriptsLoaded?window.addEventListener(\"DOMContentLoaded\",o):document.addEventListener(\"gform_main_scripts_loaded\",o)},hooks:{action:{},filter:{}},addAction:function(o,n,r,t){gform.addHook(\"action\",o,n,r,t)},addFilter:function(o,n,r,t){gform.addHook(\"filter\",o,n,r,t)},doAction:function(o){gform.doHook(\"action\",o,arguments)},applyFilters:function(o){return gform.doHook(\"filter\",o,arguments)},removeAction:function(o,n){gform.removeHook(\"action\",o,n)},removeFilter:function(o,n,r){gform.removeHook(\"filter\",o,n,r)},addHook:function(o,n,r,t,i){null==gform.hooks[o][n]&&(gform.hooks[o][n]=[]);var e=gform.hooks[o][n];null==i&&(i=n+\"_\"+e.length),gform.hooks[o][n].push({tag:i,callable:r,priority:t=null==t?10:t})},doHook:function(n,o,r){var t;if(r=Array.prototype.slice.call(r,1),null!=gform.hooks[n][o]&&((o=gform.hooks[n][o]).sort(function(o,n){return o.priority-n.priority}),o.forEach(function(o){\"function\"!=typeof(t=o.callable)&&(t=window[t]),\"action\"==n?t.apply(null,r):r[0]=t.apply(null,r)})),\"filter\"==n)return r[0]},removeHook:function(o,n,t,i){var r;null!=gform.hooks[o][n]&&(r=(r=gform.hooks[o][n]).filter(function(o,n,r){return!!(null!=i&&i!=o.tag||null!=t&&t!=o.priority)}),gform.hooks[o][n]=r)}});<\/script>\n                <div class='gf_browser_gecko gform_wrapper gform_legacy_markup_wrapper gform-theme--no-framework' data-form-theme='legacy' data-form-index='0' id='gform_wrapper_10' style='display:none'><form method='post' enctype='multipart\/form-data'  id='gform_10'  action='\/es\/wp-json\/wp\/v2\/pages\/511' data-formid='10' > \r\n <input type='hidden' class='gforms-pum' value='{\"closepopup\":false,\"closedelay\":0,\"openpopup\":false,\"openpopup_id\":0}' \/>\n                        <div class='gform-body gform_body'><ul id='gform_fields_10' class='gform_fields top_label form_sublabel_below description_below'><li id=\"field_10_1\"  class=\"gfield gfield--type-name gfield_contains_required field_sublabel_below gfield--no-description field_description_below gfield_visibility_visible\"  data-js-reload=\"field_10_1\"><label class='gfield_label gform-field-label gfield_label_before_complex'  >Nombre<span class=\"gfield_required\"><span class=\"gfield_required gfield_required_asterisk\">*<\/span><\/span><\/label><div class='ginput_complex ginput_container ginput_container--name no_prefix has_first_name no_middle_name has_last_name no_suffix gf_name_has_2 ginput_container_name gform-grid-row' id='input_10_1'>\n                            \n                            <span id='input_10_1_3_container' class='name_first gform-grid-col gform-grid-col--size-auto' >\n                                                    <input type='text' name='input_1.3' id='input_10_1_3' value=''   aria-required='true'     \/>\n                                                    <label for='input_10_1_3' class='gform-field-label gform-field-label--type-sub '>Nombre<\/label>\n                                                <\/span>\n                            \n                            <span id='input_10_1_6_container' class='name_last gform-grid-col gform-grid-col--size-auto' >\n                                                    <input type='text' name='input_1.6' id='input_10_1_6' value=''   aria-required='true'     \/>\n                                                    <label for='input_10_1_6' class='gform-field-label gform-field-label--type-sub '>Apellidos<\/label>\n                                                <\/span>\n                            \n                        <\/div><\/li><li id=\"field_10_4\"  class=\"gfield gfield--type-radio gfield--type-choice gfield--width-full gfield_contains_required field_sublabel_below gfield--no-description field_description_below gfield_visibility_visible\"  data-js-reload=\"field_10_4\"><label class='gfield_label gform-field-label'  >M\u00e9todo de contacto preferido<span class=\"gfield_required\"><span class=\"gfield_required gfield_required_asterisk\">*<\/span><\/span><\/label><div class='ginput_container ginput_container_radio'><ul class='gfield_radio' id='input_10_4'>\n\t\t\t<li class='gchoice gchoice_10_4_0'>\n\t\t\t\t<input name='input_4' type='radio' value='Tel\u00e9fono'  id='choice_10_4_0'    \/>\n\t\t\t\t<label for='choice_10_4_0' id='label_10_4_0' class='gform-field-label gform-field-label--type-inline'>Tel\u00e9fono<\/label>\n\t\t\t<\/li>\n\t\t\t<li class='gchoice gchoice_10_4_1'>\n\t\t\t\t<input name='input_4' type='radio' value='Correo electr\u00f3nico'  id='choice_10_4_1'    \/>\n\t\t\t\t<label for='choice_10_4_1' id='label_10_4_1' class='gform-field-label gform-field-label--type-inline'>Correo electr\u00f3nico<\/label>\n\t\t\t<\/li><\/ul><\/div><\/li><li id=\"field_10_3\"  class=\"gfield gfield--type-phone gfield_contains_required field_sublabel_below gfield--no-description field_description_below gfield_visibility_visible\"  data-js-reload=\"field_10_3\"><label class='gfield_label gform-field-label' for='input_10_3' >Tel\u00e9fono<span class=\"gfield_required\"><span class=\"gfield_required gfield_required_asterisk\">*<\/span><\/span><\/label><div class='ginput_container ginput_container_phone'><input name='input_3' id='input_10_3' type='text' value='' class='medium'   aria-required=\"true\" aria-invalid=\"false\"   \/><\/div><\/li><li id=\"field_10_2\"  class=\"gfield gfield--type-email gfield_contains_required field_sublabel_below gfield--no-description field_description_below gfield_visibility_visible\"  data-js-reload=\"field_10_2\"><label class='gfield_label gform-field-label' for='input_10_2' >Correo electr\u00f3nico<span class=\"gfield_required\"><span class=\"gfield_required gfield_required_asterisk\">*<\/span><\/span><\/label><div class='ginput_container ginput_container_email'>\n                            <input name='input_2' id='input_10_2' type='text' value='' class='medium'    aria-required=\"true\" aria-invalid=\"false\"  \/>\n                        <\/div><\/li><li id=\"field_10_6\"  class=\"gfield gfield--type-select gfield--width-full gfield_contains_required field_sublabel_below gfield--no-description field_description_below gfield_visibility_visible\"  data-js-reload=\"field_10_6\"><label class='gfield_label gform-field-label' for='input_10_6' >Me gustar\u00eda aprender m\u00e1s sobre...<span class=\"gfield_required\"><span class=\"gfield_required gfield_required_asterisk\">*<\/span><\/span><\/label><div class='ginput_container ginput_container_select'><select name='input_6' id='input_10_6' class='large gfield_select'    aria-required=\"true\" aria-invalid=\"false\" ><option value='Inscribir en una escuela cat\u00f3lica' >Inscribir en una escuela cat\u00f3lica<\/option><option value='Ense\u00f1ar o trabajar en una escuela cat\u00f3lica' >Ense\u00f1ar o trabajar en una escuela cat\u00f3lica<\/option><option value='Colaborar con una escuela cat\u00f3lica' >Colaborar con una escuela cat\u00f3lica<\/option><option value='Otra' >Otra<\/option><\/select><\/div><\/li><li id=\"field_10_5\"  class=\"gfield gfield--type-textarea field_sublabel_below gfield--no-description field_description_below gfield_visibility_visible\"  data-js-reload=\"field_10_5\"><label class='gfield_label gform-field-label' for='input_10_5' >Ingrese su mensaje<\/label><div class='ginput_container ginput_container_textarea'><textarea name='input_5' id='input_10_5' class='textarea medium'      aria-invalid=\"false\"   rows='10' cols='50'><\/textarea><\/div><\/li><li id=\"field_10_7\"  class=\"gfield gfield--type-honeypot gform_validation_container field_sublabel_below gfield--has-description field_description_below gfield_visibility_visible\"  data-js-reload=\"field_10_7\"><label class='gfield_label gform-field-label' for='input_10_7' >Comments<\/label><div class='ginput_container'><input name='input_7' id='input_10_7' type='text' value='' \/><\/div><div class='gfield_description' id='gfield_description_10_7'>Este campo es un campo de validaci\u00f3n y debe quedar sin cambios.<\/div><\/li><\/ul><\/div>\n        <div class='gform_footer top_label'> <input type='submit' id='gform_submit_button_10' class='gform_button button' value='Env\u00ede Mensaje'  onclick='if(window[\"gf_submitting_10\"]){return false;}  window[\"gf_submitting_10\"]=true;  ' onkeypress='if( event.keyCode == 13 ){ if(window[\"gf_submitting_10\"]){return false;} window[\"gf_submitting_10\"]=true;  jQuery(\"#gform_10\").trigger(\"submit\",[true]); }' \/> \n            <input type='hidden' class='gform_hidden' name='is_submit_10' value='1' \/>\n            <input type='hidden' class='gform_hidden' name='gform_submit' value='10' \/>\n            \n            <input type='hidden' class='gform_hidden' name='gform_unique_id' value='' \/>\n            <input type='hidden' class='gform_hidden' name='state_10' value='WyJbXSIsIjg0YjEzNzJmMmU2MTNjNzQ0NzFjYjRmYWI3YTZlNTRmIl0=' \/>\n            <input type='hidden' class='gform_hidden' name='gform_target_page_number_10' id='gform_target_page_number_10' value='0' \/>\n            <input type='hidden' class='gform_hidden' name='gform_source_page_number_10' id='gform_source_page_number_10' value='1' \/>\n            <input type='hidden' name='gform_field_values' value='' \/>\n            \n        <\/div>\n                        <\/form>\n                        <\/div><script type=\"text\/javascript\">\ngform.initializeOnLoaded( function() {gformInitSpinner( 10, 'https:\/\/csodallas.org\/wp-content\/plugins\/gravityforms\/images\/spinner.svg', true );jQuery('#gform_ajax_frame_10').on('load',function(){var contents = jQuery(this).contents().find('*').html();var is_postback = contents.indexOf('GF_AJAX_POSTBACK') >= 0;if(!is_postback){return;}var form_content = jQuery(this).contents().find('#gform_wrapper_10');var is_confirmation = jQuery(this).contents().find('#gform_confirmation_wrapper_10').length > 0;var is_redirect = contents.indexOf('gformRedirect(){') >= 0;var is_form = form_content.length > 0 && ! is_redirect && ! is_confirmation;var mt = parseInt(jQuery('html').css('margin-top'), 10) + parseInt(jQuery('body').css('margin-top'), 10) + 100;if(is_form){jQuery('#gform_wrapper_10').html(form_content.html());if(form_content.hasClass('gform_validation_error')){jQuery('#gform_wrapper_10').addClass('gform_validation_error');} else {jQuery('#gform_wrapper_10').removeClass('gform_validation_error');}setTimeout( function() { \/* delay the scroll by 50 milliseconds to fix a bug in chrome *\/  }, 50 );if(window['gformInitDatepicker']) {gformInitDatepicker();}if(window['gformInitPriceFields']) {gformInitPriceFields();}var current_page = jQuery('#gform_source_page_number_10').val();gformInitSpinner( 10, 'https:\/\/csodallas.org\/wp-content\/plugins\/gravityforms\/images\/spinner.svg', true );jQuery(document).trigger('gform_page_loaded', [10, current_page]);window['gf_submitting_10'] = false;}else if(!is_redirect){var confirmation_content = jQuery(this).contents().find('.GF_AJAX_POSTBACK').html();if(!confirmation_content){confirmation_content = contents;}setTimeout(function(){jQuery('#gform_wrapper_10').replaceWith(confirmation_content);jQuery(document).trigger('gform_confirmation_loaded', [10]);window['gf_submitting_10'] = false;wp.a11y.speak(jQuery('#gform_confirmation_message_10').text());}, 50);}else{jQuery('#gform_10').append(contents);if(window['gformRedirect']) {gformRedirect();}}jQuery(document).trigger('gform_post_render', [10, current_page]);gform.utils.trigger({ event: 'gform\/postRender', native: false, data: { formId: 10, currentPage: current_page } });} );} );\n<\/script>\n\n","protected":false},"excerpt":{"rendered":"<p>En la Di\u00f3cesis de Dallas, creemos que la misi\u00f3n de las Escuelas Cat\u00f3licas es servir a las poblaciones subtendidas y asegurar que todos los estudiantes, independientemente de sus medios, sus antecedentes o su fe, sean instruidos de tal manera que sus esfuerzos les permitan llegar a la universidad y al cielo. Catholic Schools Office Catholic Diocese of Dallas 3725 Blackburn &#8230; <\/p>\n<div><a href=\"https:\/\/csodallas.org\/es\/comuniquese-con-nosotros\/\" class=\"more-link\">Read More<\/a><\/div>\n","protected":false},"author":86,"featured_media":0,"parent":0,"menu_order":0,"comment_status":"closed","ping_status":"closed","template":"","meta":{"_price":"","_stock":"","_tribe_ticket_header":"","_tribe_default_ticket_provider":"","_tribe_ticket_capacity":"0","_ticket_start_date":"","_ticket_end_date":"","_tribe_ticket_show_description":"","_tribe_ticket_show_not_going":false,"_tribe_ticket_use_global_stock":"","_tribe_ticket_global_stock_level":"","_global_stock_mode":"","_global_stock_cap":"","_tribe_rsvp_for_event":"","_tribe_ticket_going_count":"","_tribe_ticket_not_going_count":"","_tribe_tickets_list":[],"_tribe_ticket_has_attendee_info_fields":false},"acf":[],"yoast_head":"<!-- This site is optimized with the Yoast SEO plugin v21.1 - https:\/\/yoast.com\/wordpress\/plugins\/seo\/ -->\n<title>Comun\u00edquese con Nosotros - Catholic Schools in the Diocese of Dallas<\/title>\n<meta name=\"robots\" content=\"index, follow, max-snippet:-1, max-image-preview:large, max-video-preview:-1\" \/>\n<link rel=\"canonical\" href=\"https:\/\/csodallas.org\/es\/comuniquese-con-nosotros\/\" \/>\n<meta property=\"og:locale\" content=\"es_ES\" \/>\n<meta property=\"og:type\" content=\"article\" \/>\n<meta property=\"og:title\" content=\"Comun\u00edquese con Nosotros - Catholic Schools in the Diocese of Dallas\" \/>\n<meta property=\"og:description\" content=\"En la Di\u00f3cesis de Dallas, creemos que la misi\u00f3n de las Escuelas Cat\u00f3licas es servir a las poblaciones subtendidas y asegurar que todos los estudiantes, independientemente de sus medios, sus antecedentes o su fe, sean instruidos de tal manera que sus esfuerzos les permitan llegar a la universidad y al cielo. Catholic Schools Office Catholic Diocese of Dallas 3725 Blackburn ... Read More\" \/>\n<meta property=\"og:url\" content=\"https:\/\/csodallas.org\/es\/comuniquese-con-nosotros\/\" \/>\n<meta property=\"og:site_name\" content=\"Catholic Schools in the Diocese of Dallas\" \/>\n<meta property=\"article:modified_time\" content=\"2019-05-13T20:11:12+00:00\" \/>\n<meta name=\"twitter:card\" content=\"summary_large_image\" \/>\n<script type=\"application\/ld+json\" class=\"yoast-schema-graph\">{\"@context\":\"https:\/\/schema.org\",\"@graph\":[{\"@type\":\"WebPage\",\"@id\":\"https:\/\/csodallas.org\/es\/comuniquese-con-nosotros\/\",\"url\":\"https:\/\/csodallas.org\/es\/comuniquese-con-nosotros\/\",\"name\":\"Comun\u00edquese con Nosotros - Catholic Schools in the Diocese of Dallas\",\"isPartOf\":{\"@id\":\"https:\/\/csodallas.org\/#website\"},\"datePublished\":\"2017-07-10T19:38:56+00:00\",\"dateModified\":\"2019-05-13T20:11:12+00:00\",\"breadcrumb\":{\"@id\":\"https:\/\/csodallas.org\/es\/comuniquese-con-nosotros\/#breadcrumb\"},\"inLanguage\":\"es\",\"potentialAction\":[{\"@type\":\"ReadAction\",\"target\":[\"https:\/\/csodallas.org\/es\/comuniquese-con-nosotros\/\"]}]},{\"@type\":\"BreadcrumbList\",\"@id\":\"https:\/\/csodallas.org\/es\/comuniquese-con-nosotros\/#breadcrumb\",\"itemListElement\":[{\"@type\":\"ListItem\",\"position\":1,\"name\":\"Home\",\"item\":\"https:\/\/csodallas.org\/es\/\"},{\"@type\":\"ListItem\",\"position\":2,\"name\":\"Comun\u00edquese con Nosotros\"}]},{\"@type\":\"WebSite\",\"@id\":\"https:\/\/csodallas.org\/#website\",\"url\":\"https:\/\/csodallas.org\/\",\"name\":\"Catholic Schools in the Diocese of Dallas\",\"description\":\"Forming Saints and Scholars\",\"potentialAction\":[{\"@type\":\"SearchAction\",\"target\":{\"@type\":\"EntryPoint\",\"urlTemplate\":\"https:\/\/csodallas.org\/?s={search_term_string}\"},\"query-input\":\"required name=search_term_string\"}],\"inLanguage\":\"es\"}]}<\/script>\n<!-- \/ Yoast SEO plugin. -->","yoast_head_json":{"title":"Comun\u00edquese con Nosotros - Catholic Schools in the Diocese of Dallas","robots":{"index":"index","follow":"follow","max-snippet":"max-snippet:-1","max-image-preview":"max-image-preview:large","max-video-preview":"max-video-preview:-1"},"canonical":"https:\/\/csodallas.org\/es\/comuniquese-con-nosotros\/","og_locale":"es_ES","og_type":"article","og_title":"Comun\u00edquese con Nosotros - Catholic Schools in the Diocese of Dallas","og_description":"En la Di\u00f3cesis de Dallas, creemos que la misi\u00f3n de las Escuelas Cat\u00f3licas es servir a las poblaciones subtendidas y asegurar que todos los estudiantes, independientemente de sus medios, sus antecedentes o su fe, sean instruidos de tal manera que sus esfuerzos les permitan llegar a la universidad y al cielo. Catholic Schools Office Catholic Diocese of Dallas 3725 Blackburn ... Read More","og_url":"https:\/\/csodallas.org\/es\/comuniquese-con-nosotros\/","og_site_name":"Catholic Schools in the Diocese of Dallas","article_modified_time":"2019-05-13T20:11:12+00:00","twitter_card":"summary_large_image","schema":{"@context":"https:\/\/schema.org","@graph":[{"@type":"WebPage","@id":"https:\/\/csodallas.org\/es\/comuniquese-con-nosotros\/","url":"https:\/\/csodallas.org\/es\/comuniquese-con-nosotros\/","name":"Comun\u00edquese con Nosotros - Catholic Schools in the Diocese of Dallas","isPartOf":{"@id":"https:\/\/csodallas.org\/#website"},"datePublished":"2017-07-10T19:38:56+00:00","dateModified":"2019-05-13T20:11:12+00:00","breadcrumb":{"@id":"https:\/\/csodallas.org\/es\/comuniquese-con-nosotros\/#breadcrumb"},"inLanguage":"es","potentialAction":[{"@type":"ReadAction","target":["https:\/\/csodallas.org\/es\/comuniquese-con-nosotros\/"]}]},{"@type":"BreadcrumbList","@id":"https:\/\/csodallas.org\/es\/comuniquese-con-nosotros\/#breadcrumb","itemListElement":[{"@type":"ListItem","position":1,"name":"Home","item":"https:\/\/csodallas.org\/es\/"},{"@type":"ListItem","position":2,"name":"Comun\u00edquese con Nosotros"}]},{"@type":"WebSite","@id":"https:\/\/csodallas.org\/#website","url":"https:\/\/csodallas.org\/","name":"Catholic Schools in the Diocese of Dallas","description":"Forming Saints and Scholars","potentialAction":[{"@type":"SearchAction","target":{"@type":"EntryPoint","urlTemplate":"https:\/\/csodallas.org\/?s={search_term_string}"},"query-input":"required name=search_term_string"}],"inLanguage":"es"}]}},"ticketed":false,"_links":{"self":[{"href":"https:\/\/csodallas.org\/es\/wp-json\/wp\/v2\/pages\/511"}],"collection":[{"href":"https:\/\/csodallas.org\/es\/wp-json\/wp\/v2\/pages"}],"about":[{"href":"https:\/\/csodallas.org\/es\/wp-json\/wp\/v2\/types\/page"}],"author":[{"embeddable":true,"href":"https:\/\/csodallas.org\/es\/wp-json\/wp\/v2\/users\/86"}],"replies":[{"embeddable":true,"href":"https:\/\/csodallas.org\/es\/wp-json\/wp\/v2\/comments?post=511"}],"version-history":[{"count":0,"href":"https:\/\/csodallas.org\/es\/wp-json\/wp\/v2\/pages\/511\/revisions"}],"wp:attachment":[{"href":"https:\/\/csodallas.org\/es\/wp-json\/wp\/v2\/media?parent=511"}],"curies":[{"name":"wp","href":"https:\/\/api.w.org\/{rel}","templated":true}]}}