{"id":506,"date":"2017-07-10T14:36:39","date_gmt":"2017-07-10T19:36:39","guid":{"rendered":"http:\/\/csodallas.org\/vitalidad-de-la-comunidad\/"},"modified":"2017-08-21T09:09:00","modified_gmt":"2017-08-21T14:09:00","slug":"vitalidad-de-la-comunidad","status":"publish","type":"page","link":"https:\/\/csodallas.org\/es\/vitalidad-de-la-comunidad\/","title":{"rendered":"Vitalidad de la Comunidad"},"content":{"rendered":"<span  class=\"x-dropcap\" >A<\/span>simismo, nuestros alumnos son educados espiritualmente, moralmente y socialmente dentro de las comunidades escolares en las que aprenden. Nuestro objetivo es crear alumnos tenaces capaces de evaluar opciones a la luz de los valores aprendidos y a tomar buenas decisiones. Las comunidades de fe que impulsan a nuestros estudiantes est\u00e1n destinadas a promover un compromiso con las bellas artes, el autoconocimiento, el amor al servicio y una br\u00fajula moral arraigada en la Doctrina Social Cat\u00f3lica.<\/p>\n<p>Los estudiantes de la Di\u00f3cesis de Dallas est\u00e1n llamados a servir a la comunidad y a asegurar que las escuelas Cat\u00f3licas sean buenas para el \u00e1rea metropolitana de Dallas.<\/p>\n<p>Unidas a los padres de familia que los conf\u00edan a nuestro cuidado, nuestras escuelas sirven, gu\u00edan y educan a nuestros estudiantes para que se conviertan en las mejores versiones de s\u00ed mismos.<\/p>\n<h2  class=\"h-custom-headline h2 accent\" ><span>RETRIBUYENDO A LA COMUNIDAD<\/span><\/h2>\n<p>Las Escuelas Cat\u00f3licas retribuyen a la comunidad local, tanto a trav\u00e9s de conexiones con <a href=\"https:\/\/ccdallas.org\/\">Caridades Cat\u00f3licas<\/a>, como tambi\u00e9n a trav\u00e9s de numerosas organizaciones en el \u00e1rea de Dallas que buscan servir a la comunidad que les rodea. Se espera que los estudiantes de Escuela Cat\u00f3lica ayuden a los necesitados a cambiar nuestra comunidad mediante una participaci\u00f3n positiva.<\/p>\n<h2  class=\"h-custom-headline h2 accent\" ><span>JORNADA HACIA LA EDAD ADULTA<\/span><\/h2>\n<p>Las Escuelas Cat\u00f3licas tienen la responsabilidad de ayudar a nuestros estudiantes a convertirse en las mejores versiones de los mismos. Eso significa caminar con ellos en su jornada hacia la edad adulta y a trav\u00e9s de muchas experiencias de desarrollo. Ofrecemos una serie de programas, que van desde la <a href=\"https:\/\/www.bdcs.org\/achieve\/college-prep\/college-ready-academy\">academia de Preparaci\u00f3n Universitaria<\/a>\u00a0hasta los <a href=\"http:\/\/www.staschool.org\/about-us\/studentservices.cfm\">servicios de consejer\u00eda<\/a> en muchas de nuestras escuelas.<\/p>\n<h2  class=\"h-custom-headline h2 accent\" style=\"text-transform: uppercase\"><span>MINISTERIOS COMUNITARIOS<\/span><\/h2>\n<p>Como Cristianos somos llamados a ser una comunidad de personas solidarias, Crusaders Care es un programa de la Escuela Cat\u00f3lica Christ the King dise\u00f1ado para proporcionar a nuestros alumnos oportunidades de servicio, para que aprecien las diversas maneras de ayudar al pr\u00f3jimo.<\/p>\n","protected":false},"excerpt":{"rendered":"<p>simismo, nuestros alumnos son educados espiritualmente, moralmente y socialmente dentro de las comunidades escolares en las que aprenden. Nuestro objetivo es crear alumnos tenaces capaces de evaluar opciones a la luz de los valores aprendidos y a tomar buenas decisiones. Las comunidades de fe que impulsan a nuestros estudiantes est\u00e1n destinadas a promover un compromiso con las bellas artes, el &#8230; <\/p>\n<div><a href=\"https:\/\/csodallas.org\/es\/vitalidad-de-la-comunidad\/\" class=\"more-link\">Read More<\/a><\/div>\n","protected":false},"author":86,"featured_media":0,"parent":0,"menu_order":2,"comment_status":"closed","ping_status":"closed","template":"template-layout-full-width.php","meta":{"_price":"","_stock":"","_tribe_ticket_header":"","_tribe_default_ticket_provider":"","_tribe_ticket_capacity":"0","_ticket_start_date":"","_ticket_end_date":"","_tribe_ticket_show_description":"","_tribe_ticket_show_not_going":false,"_tribe_ticket_use_global_stock":"","_tribe_ticket_global_stock_level":"","_global_stock_mode":"","_global_stock_cap":"","_tribe_rsvp_for_event":"","_tribe_ticket_going_count":"","_tribe_ticket_not_going_count":"","_tribe_tickets_list":[],"_tribe_ticket_has_attendee_info_fields":false},"acf":[],"yoast_head":"<!-- This site is optimized with the Yoast SEO plugin v21.1 - https:\/\/yoast.com\/wordpress\/plugins\/seo\/ -->\n<title>Vitalidad de la Comunidad - Catholic Schools in the Diocese of Dallas<\/title>\n<meta name=\"robots\" content=\"index, follow, max-snippet:-1, max-image-preview:large, max-video-preview:-1\" \/>\n<link rel=\"canonical\" href=\"https:\/\/csodallas.org\/es\/vitalidad-de-la-comunidad\/\" \/>\n<meta property=\"og:locale\" content=\"es_ES\" \/>\n<meta property=\"og:type\" content=\"article\" \/>\n<meta property=\"og:title\" content=\"Vitalidad de la Comunidad - Catholic Schools in the Diocese of Dallas\" \/>\n<meta property=\"og:description\" content=\"simismo, nuestros alumnos son educados espiritualmente, moralmente y socialmente dentro de las comunidades escolares en las que aprenden. Nuestro objetivo es crear alumnos tenaces capaces de evaluar opciones a la luz de los valores aprendidos y a tomar buenas decisiones. Las comunidades de fe que impulsan a nuestros estudiantes est\u00e1n destinadas a promover un compromiso con las bellas artes, el ... Read More\" \/>\n<meta property=\"og:url\" content=\"https:\/\/csodallas.org\/es\/vitalidad-de-la-comunidad\/\" \/>\n<meta property=\"og:site_name\" content=\"Catholic Schools in the Diocese of Dallas\" \/>\n<meta property=\"article:modified_time\" content=\"2017-08-21T14:09:00+00:00\" \/>\n<meta name=\"twitter:card\" content=\"summary_large_image\" \/>\n<meta name=\"twitter:label1\" content=\"Tiempo de lectura\" \/>\n\t<meta name=\"twitter:data1\" content=\"2 minutos\" \/>\n<script type=\"application\/ld+json\" class=\"yoast-schema-graph\">{\"@context\":\"https:\/\/schema.org\",\"@graph\":[{\"@type\":\"WebPage\",\"@id\":\"https:\/\/csodallas.org\/es\/vitalidad-de-la-comunidad\/\",\"url\":\"https:\/\/csodallas.org\/es\/vitalidad-de-la-comunidad\/\",\"name\":\"Vitalidad de la Comunidad - Catholic Schools in the Diocese of Dallas\",\"isPartOf\":{\"@id\":\"https:\/\/csodallas.org\/#website\"},\"datePublished\":\"2017-07-10T19:36:39+00:00\",\"dateModified\":\"2017-08-21T14:09:00+00:00\",\"breadcrumb\":{\"@id\":\"https:\/\/csodallas.org\/es\/vitalidad-de-la-comunidad\/#breadcrumb\"},\"inLanguage\":\"es\",\"potentialAction\":[{\"@type\":\"ReadAction\",\"target\":[\"https:\/\/csodallas.org\/es\/vitalidad-de-la-comunidad\/\"]}]},{\"@type\":\"BreadcrumbList\",\"@id\":\"https:\/\/csodallas.org\/es\/vitalidad-de-la-comunidad\/#breadcrumb\",\"itemListElement\":[{\"@type\":\"ListItem\",\"position\":1,\"name\":\"Home\",\"item\":\"https:\/\/csodallas.org\/es\/\"},{\"@type\":\"ListItem\",\"position\":2,\"name\":\"Vitalidad de la Comunidad\"}]},{\"@type\":\"WebSite\",\"@id\":\"https:\/\/csodallas.org\/#website\",\"url\":\"https:\/\/csodallas.org\/\",\"name\":\"Catholic Schools in the Diocese of Dallas\",\"description\":\"Forming Saints and Scholars\",\"potentialAction\":[{\"@type\":\"SearchAction\",\"target\":{\"@type\":\"EntryPoint\",\"urlTemplate\":\"https:\/\/csodallas.org\/?s={search_term_string}\"},\"query-input\":\"required name=search_term_string\"}],\"inLanguage\":\"es\"}]}<\/script>\n<!-- \/ Yoast SEO plugin. -->","yoast_head_json":{"title":"Vitalidad de la Comunidad - Catholic Schools in the Diocese of Dallas","robots":{"index":"index","follow":"follow","max-snippet":"max-snippet:-1","max-image-preview":"max-image-preview:large","max-video-preview":"max-video-preview:-1"},"canonical":"https:\/\/csodallas.org\/es\/vitalidad-de-la-comunidad\/","og_locale":"es_ES","og_type":"article","og_title":"Vitalidad de la Comunidad - Catholic Schools in the Diocese of Dallas","og_description":"simismo, nuestros alumnos son educados espiritualmente, moralmente y socialmente dentro de las comunidades escolares en las que aprenden. Nuestro objetivo es crear alumnos tenaces capaces de evaluar opciones a la luz de los valores aprendidos y a tomar buenas decisiones. Las comunidades de fe que impulsan a nuestros estudiantes est\u00e1n destinadas a promover un compromiso con las bellas artes, el ... Read More","og_url":"https:\/\/csodallas.org\/es\/vitalidad-de-la-comunidad\/","og_site_name":"Catholic Schools in the Diocese of Dallas","article_modified_time":"2017-08-21T14:09:00+00:00","twitter_card":"summary_large_image","twitter_misc":{"Tiempo de lectura":"2 minutos"},"schema":{"@context":"https:\/\/schema.org","@graph":[{"@type":"WebPage","@id":"https:\/\/csodallas.org\/es\/vitalidad-de-la-comunidad\/","url":"https:\/\/csodallas.org\/es\/vitalidad-de-la-comunidad\/","name":"Vitalidad de la Comunidad - Catholic Schools in the Diocese of Dallas","isPartOf":{"@id":"https:\/\/csodallas.org\/#website"},"datePublished":"2017-07-10T19:36:39+00:00","dateModified":"2017-08-21T14:09:00+00:00","breadcrumb":{"@id":"https:\/\/csodallas.org\/es\/vitalidad-de-la-comunidad\/#breadcrumb"},"inLanguage":"es","potentialAction":[{"@type":"ReadAction","target":["https:\/\/csodallas.org\/es\/vitalidad-de-la-comunidad\/"]}]},{"@type":"BreadcrumbList","@id":"https:\/\/csodallas.org\/es\/vitalidad-de-la-comunidad\/#breadcrumb","itemListElement":[{"@type":"ListItem","position":1,"name":"Home","item":"https:\/\/csodallas.org\/es\/"},{"@type":"ListItem","position":2,"name":"Vitalidad de la Comunidad"}]},{"@type":"WebSite","@id":"https:\/\/csodallas.org\/#website","url":"https:\/\/csodallas.org\/","name":"Catholic Schools in the Diocese of Dallas","description":"Forming Saints and Scholars","potentialAction":[{"@type":"SearchAction","target":{"@type":"EntryPoint","urlTemplate":"https:\/\/csodallas.org\/?s={search_term_string}"},"query-input":"required name=search_term_string"}],"inLanguage":"es"}]}},"ticketed":false,"_links":{"self":[{"href":"https:\/\/csodallas.org\/es\/wp-json\/wp\/v2\/pages\/506"}],"collection":[{"href":"https:\/\/csodallas.org\/es\/wp-json\/wp\/v2\/pages"}],"about":[{"href":"https:\/\/csodallas.org\/es\/wp-json\/wp\/v2\/types\/page"}],"author":[{"embeddable":true,"href":"https:\/\/csodallas.org\/es\/wp-json\/wp\/v2\/users\/86"}],"replies":[{"embeddable":true,"href":"https:\/\/csodallas.org\/es\/wp-json\/wp\/v2\/comments?post=506"}],"version-history":[{"count":0,"href":"https:\/\/csodallas.org\/es\/wp-json\/wp\/v2\/pages\/506\/revisions"}],"wp:attachment":[{"href":"https:\/\/csodallas.org\/es\/wp-json\/wp\/v2\/media?parent=506"}],"curies":[{"name":"wp","href":"https:\/\/api.w.org\/{rel}","templated":true}]}}