{"id":500,"date":"2017-07-10T11:38:52","date_gmt":"2017-07-10T16:38:52","guid":{"rendered":"http:\/\/csodallas.org\/inscribase\/"},"modified":"2021-06-30T16:02:42","modified_gmt":"2021-06-30T21:02:42","slug":"inscribase","status":"publish","type":"page","link":"https:\/\/csodallas.org\/es\/inscribase\/","title":{"rendered":"Inscr\u00edbase"},"content":{"rendered":"<div id=\"cs-content\" class=\"cs-content\">\n<div id=\"x-section-1\" class=\"x-section\" style=\" background-color: transparent;\" >\n<div id=\"\" class=\"x-container max width\" style=\"\" >\n<div  class=\"x-column x-sm x-1-1\" style=\"\" >\n<div  class=\"x-raw-content\" >\r\n<div id=\"x-content-band-2\" class=\"x-content-band\" style=\"background-color: #ffffff; margin-bottom:0;\"><div class=\"x-container max width\">\r\n<h1  class=\"h-custom-headline h1\" style=\"margin-top: 0em; margin-bottom: .5em; font-size: 250%;\"><span>Nuestras Escuelas<\/span><\/h1>\r\n<img src=\"http:\/\/csodallas.org\/wp-content\/uploads\/2021\/06\/50off-tuition-header.png\" alt=\"\" width=\"894\" height=\"171\" class=\"aligncenter size-full wp-image-7336\" \/>\r\n<p>Creemos que las escuelas Cat\u00f3licas ofrecen el mejor ambiente donde sus hijos pueden desarrollarse y ser formados como los santos que Dios los invita a ser y como eruditos que disfrutan aprender. Es un ambiente enriquecedor y propicio donde los estudiantes crecen con confianza y en amistad, compasi\u00f3n y fe.<\/p>\r\n<p>Creemos que m\u00e1s familias deber\u00edan tener la oportunidad de conocer esta clase de educaci\u00f3n.<\/p>\r\n<p>Si usted est\u00e1 considerando una educaci\u00f3n Cat\u00f3lica para su familia por primera vez, le invitamos a descubrir todo lo que nuestras escuelas ofrecen sin realizar ning\u00fan pago de colegiatura durante el primer semestre en algunas de nuestras escuelas; adem\u00e1s de recibir un descuento de la mitad de la colegiatura por el resto de los dos primeros a\u00f1os. Esta es una oportunidad de conocer los beneficios de una educaci\u00f3n cat\u00f3lica y estamos seguros que va a notar la diferencia en la vida de sus hijos. <\/p>\r\n<hr  class=\"x-gap\" style=\"margin: 60px 0 0 0;\">\r\n<ul  class=\"x-block-grid two-up\" >\r\n\r\n<li  class=\"x-block-grid-item\" style=\"padding-left:40px;\">\r\n<h5  class=\"h-custom-headline h5\" style=\"margin: 0em 0 .5em 0; letter-spacing: 0; font-size: 130%;\"><span>Escuelas que Ofrecen un Descuento Especial para Familias Nuevas:<\/span><\/h5>\r\n<style>\r\n.school-list-50 li {line-height: 1.4em; padding-bottom: 20px;}\r\n.school-list-50 a {color: #0ab3e1;}\r\n.school-list-50 a:hover {color: unset;}\r\n<\/style>\r\n<ul class=\"school-list-50\" style=\"list-style:none; margin-left: 0; font-weight:bold;\">\r\n\t<li><a href=\"https:\/\/saintspride.com\/enroll-now\" rel=\"noopener\" target=\"_blank\">St. Elizabeth of Hungary Catholic School, Dallas<\/a><\/li>\r\n\t<li><a href=\"http:\/\/www.goodshepherdcatholicschool.org\/\" rel=\"noopener\" target=\"_blank\">Good Shepherd Catholic School, Garland<\/a><\/li>\r\n\t<li><a href=\"https:\/\/stjswaxtx.org\/admissions\" rel=\"noopener\" target=\"_blank\">St. Joseph Catholic School, Waxahachie<\/a><\/li>\r\n\t<li><a href=\"https:\/\/spsdfw.org\/join-us\" rel=\"noopener\" target=\"_blank\">Saint Paul Catholic Classical School, Richardson<\/a><\/li>\r\n\t<li><a href=\"https:\/\/www.santaclaraacademy.org\/enroll\" rel=\"noopener\" target=\"_blank\">Santa Clara of Assisi Catholic Academy, West Dallas<\/a><\/li>\r\n<\/ul>\r\n\r\n<\/li>\r\n<li  class=\"x-block-grid-item\" >\r\n<img src=\"http:\/\/csodallas.org\/wp-content\/uploads\/2021\/06\/50off-school-logos.png\" alt=\"\" width=\"449\" height=\"173\" class=\"aligncenter size-full wp-image-7340\" \/>\r\n<\/li>\r\n<\/ul>\r\n\r\n\r\n<\/div><\/div>\r\n\r\n<div id=\"x-content-band-3\" class=\"x-content-band\" style=\"background-color: transparent; padding: 0 0 40px; margin-bottom:0;\"><div class=\"x-container max width\">\r\n\r\n<h5  class=\"h-custom-headline h5\" style=\"letter-spacing: 0; font-size: 130%;\"><span>Comun\u00edquese con la escuela directamente o con la Oficina de Escuelas Cat\u00f3licas para m\u00e1s informaci\u00f3n.<\/span><\/h5>\r\n<style>\r\n@media only screen and (min-width: 750px) {\r\n.wpcf7#wpcf7-f7345-p212-o1 p:nth-child(2) {width: 100%;}\r\n.wpcf7#wpcf7-f7345-p212-o1 p:nth-child(3) {float: left; padding-right: 20px; width: 50%;}\r\n.wpcf7#wpcf7-f7345-p212-o1 p:nth-child(4) {float: left; width: 50%;}\r\n.wpcf7#wpcf7-f7345-p212-o1 p:nth-child(5) {width: 100%;}\r\n}\r\n<\/style>\r\n\n<div class=\"wpcf7 no-js\" id=\"wpcf7-f7345-o1\" lang=\"en-US\" dir=\"ltr\">\n<div class=\"screen-reader-response\"><p role=\"status\" aria-live=\"polite\" aria-atomic=\"true\"><\/p> <ul><\/ul><\/div>\n<form action=\"\/es\/wp-json\/wp\/v2\/pages\/500#wpcf7-f7345-o1\" method=\"post\" class=\"wpcf7-form init\" aria-label=\"Contact form\" novalidate=\"novalidate\" data-status=\"init\">\n<div style=\"display: none;\">\n<input type=\"hidden\" name=\"_wpcf7\" value=\"7345\" \/>\n<input type=\"hidden\" name=\"_wpcf7_version\" value=\"5.7.7\" \/>\n<input type=\"hidden\" name=\"_wpcf7_locale\" value=\"en_US\" \/>\n<input type=\"hidden\" name=\"_wpcf7_unit_tag\" value=\"wpcf7-f7345-o1\" \/>\n<input type=\"hidden\" name=\"_wpcf7_container_post\" value=\"0\" \/>\n<input type=\"hidden\" name=\"_wpcf7_posted_data_hash\" value=\"\" \/>\n<\/div>\n<p><label> Your Name*<br \/>\n<span class=\"wpcf7-form-control-wrap\" data-name=\"your-name\"><input size=\"40\" class=\"wpcf7-form-control wpcf7-text wpcf7-validates-as-required\" aria-required=\"true\" aria-invalid=\"false\" value=\"\" type=\"text\" name=\"your-name\" \/><\/span> <\/label>\n<\/p>\n<p><label> I'm interested in*<br \/>\n<span class=\"wpcf7-form-control-wrap\" data-name=\"schools\"><select class=\"wpcf7-form-control wpcf7-select wpcf7-validates-as-required\" aria-required=\"true\" aria-invalid=\"false\" name=\"schools\"><option value=\"Good Shepherd Catholic School\">Good Shepherd Catholic School<\/option><option value=\"Santa Clara of Assisi Catholic School\">Santa Clara of Assisi Catholic School<\/option><option value=\"St. Elizabeth of Hungary Catholic School\">St. Elizabeth of Hungary Catholic School<\/option><option value=\"St. Joseph Catholic School\">St. Joseph Catholic School<\/option><option value=\"Saint Paul Catholic Classical School\">Saint Paul Catholic Classical School<\/option><option value=\"Uncertain - please connect me with someone who can help!\">Uncertain - please connect me with someone who can help!<\/option><\/select><\/span><br \/>\n<\/label>\n<\/p>\n<p><label>Your Email*<br \/>\n<span class=\"wpcf7-form-control-wrap\" data-name=\"your-email\"><input size=\"40\" class=\"wpcf7-form-control wpcf7-text wpcf7-email wpcf7-validates-as-required wpcf7-validates-as-email\" aria-required=\"true\" aria-invalid=\"false\" value=\"\" type=\"email\" name=\"your-email\" \/><\/span> <\/label>\n<\/p>\n<p><label>Your Phone Number<br \/>\n<span class=\"wpcf7-form-control-wrap\" data-name=\"your-phone\"><input size=\"40\" class=\"wpcf7-form-control wpcf7-text wpcf7-tel wpcf7-validates-as-tel\" aria-invalid=\"false\" value=\"\" type=\"tel\" name=\"your-phone\" \/><\/span> <\/label>\n<\/p>\n<p><input class=\"wpcf7-form-control has-spinner wpcf7-submit\" type=\"submit\" value=\"Yes, please contact me!\" \/>\n<\/p><input type='hidden' class='wpcf7-pum' value='{\"closepopup\":false,\"closedelay\":0,\"openpopup\":false,\"openpopup_id\":0}' \/><div class=\"wpcf7-response-output\" aria-hidden=\"true\"><\/div>\n<\/form>\n<\/div>\n\r\n<\/div><\/div>\r\n\r\n<\/div>\n<\/div>\n<\/div>\n<div id=\"x-content-band-1\" class=\"x-content-band border-top border-left border-right border-bottom\" style=\"background-color: #ffffff;\"><div class=\"x-container max width\">\n<span  class=\"x-dropcap\" >L<\/span>as escuelas Cat\u00f3licas forman a los estudiantes para ser santos y eruditos. Los estudiantes en nuestra escuelas Cat\u00f3licas reciben m\u00e1s que una educaci\u00f3n ejemplar- son parte de una comunidad que fomenta su desarrollo social, emocional y moral. Estudios a nivel nacional han descubierto que los graduados de las escuelas Cat\u00f3licas se involucran m\u00e1s en la comunidad como voluntarios y l\u00edderes y tienen una visi\u00f3n m\u00e1s humanitaria del mundo. <\/p>\n<p>Cada una de nuestras 37 escuelas brinda una educaci\u00f3n excelente, un sentido de pertenencia y amistades que duran toda una vida. Comun\u00edquese con nosotros para ponerlo en contacto con una escuela que ser\u00e1 el hogar perfecto para su familia.<\/p>\n<hr  class=\"x-gap\" style=\"margin: 60px 0 0 0;\">\n<ul  class=\"x-block-grid two-up\" ><li  class=\"x-block-grid-item\" ><a  class=\"x-img x-img-link x-img-thumbnail\"  href=\"http:\/\/bit.ly\/CatholicHighSchoolGuide\"     data-options=\"thumbnail: 'http:\/\/csodallas.org\/wp-content\/uploads\/2019\/10\/Catholic-High-School-Guide-2020-2021-500x500.jpg'\"><img src=\"http:\/\/csodallas.org\/wp-content\/uploads\/2019\/10\/Catholic-High-School-Guide-2020-2021-500x500.jpg\" alt=\"Gu\u00eda de las Escuelas Preparatorias Cat\u00f3licas 2020-21\"><\/a> Si usted est\u00e1 interesado en ingresar a alguna de nuestras Escuelas Preparatorias Cat\u00f3licas, esta gu\u00eda contiene informaci\u00f3n sobre los requisitos de admisi\u00f3n, costo de la colegiatura, ayuda financiera y oportunidades para visitarlas. <div  class=\"x-btn-circle-wrap x-btn-large x-btn-block\" ><a class=\"x-btn x-btn-flat x-btn-square x-btn-large x-btn-block\" href=\"http:\/\/bit.ly\/CatholicHighSchoolGuide\" title=\"\u00a1Conozca nuestras Escuelas Preparatorias!\"    data-options=\"thumbnail: ''\">\u00a1Conozca nuestras Escuelas Preparatorias!<\/a><\/div><\/li>\n<li  class=\"x-block-grid-item\" ><a  class=\"x-img x-img-link x-img-thumbnail\"  href=\"http:\/\/bit.ly\/catholicelementaryschools\"     data-options=\"thumbnail: 'https:\/\/csodallas.org\/wp-content\/uploads\/2019\/10\/Elementary-School-Guide-500x500.jpg'\"><img src=\"https:\/\/csodallas.org\/wp-content\/uploads\/2019\/10\/Elementary-School-Guide-500x500.jpg\" ><\/a> Si usted est\u00e1 interesado en inscribir a sus hijos en alguna de nuestras 30 Escuelas Primarias Cat\u00f3licas Diocesanas o Privadas, esta gu\u00eda contiene informaci\u00f3n sobre sus requisitos de admisi\u00f3n, costo de la colegiatura, ayuda financiera y oportunidades para visitarlas.  <div  class=\"x-btn-circle-wrap ltblue-btn x-btn-large x-btn-block\" ><a class=\"x-btn x-btn-flat x-btn-square x-btn-large x-btn-block\" href=\"http:\/\/bit.ly\/catholicelementaryschools\" title=\"\u00a1Conozca nuestras Escuelas Primarias!\"    data-options=\"thumbnail: ''\">\u00a1Conozca nuestras Escuelas Primarias!<\/a><\/div><\/li><\/ul>\n<\/div><\/div>\n<div id=\"\" class=\"x-container marginless-columns\" style=\"margin: 0px auto;padding: 0px;\" ><div  class=\"x-column x-sm x-1-1\" style=\"padding: 0px;\" ><div id=\"\" class=\"x-text\" style=\"\" ><\/div><\/div><\/div>\n<\/div>\n<\/div>\n","protected":false},"excerpt":{"rendered":"","protected":false},"author":86,"featured_media":0,"parent":0,"menu_order":0,"comment_status":"closed","ping_status":"closed","template":"","meta":{"_price":"","_stock":"","_tribe_ticket_header":"","_tribe_default_ticket_provider":"","_tribe_ticket_capacity":"0","_ticket_start_date":"","_ticket_end_date":"","_tribe_ticket_show_description":"","_tribe_ticket_show_not_going":false,"_tribe_ticket_use_global_stock":"","_tribe_ticket_global_stock_level":"","_global_stock_mode":"","_global_stock_cap":"","_tribe_rsvp_for_event":"","_tribe_ticket_going_count":"","_tribe_ticket_not_going_count":"","_tribe_tickets_list":[],"_tribe_ticket_has_attendee_info_fields":false},"acf":[],"yoast_head":"<!-- This site is optimized with the Yoast SEO plugin v21.1 - https:\/\/yoast.com\/wordpress\/plugins\/seo\/ -->\n<title>Inscr\u00edbase - Catholic Schools in the Diocese of Dallas<\/title>\n<meta name=\"robots\" content=\"index, follow, max-snippet:-1, max-image-preview:large, max-video-preview:-1\" \/>\n<link rel=\"canonical\" href=\"https:\/\/csodallas.org\/es\/inscribase\/\" \/>\n<meta property=\"og:locale\" content=\"es_ES\" \/>\n<meta property=\"og:type\" content=\"article\" \/>\n<meta property=\"og:title\" content=\"Inscr\u00edbase - Catholic Schools in the Diocese of Dallas\" \/>\n<meta property=\"og:url\" content=\"https:\/\/csodallas.org\/es\/inscribase\/\" \/>\n<meta property=\"og:site_name\" content=\"Catholic Schools in the Diocese of Dallas\" \/>\n<meta property=\"article:modified_time\" content=\"2021-06-30T21:02:42+00:00\" \/>\n<meta property=\"og:image\" content=\"http:\/\/csodallas.org\/wp-content\/uploads\/2021\/06\/50off-tuition-header.png\" \/>\n<meta name=\"twitter:card\" content=\"summary_large_image\" \/>\n<meta name=\"twitter:label1\" content=\"Tiempo de lectura\" \/>\n\t<meta name=\"twitter:data1\" content=\"4 minutos\" \/>\n<script type=\"application\/ld+json\" class=\"yoast-schema-graph\">{\"@context\":\"https:\/\/schema.org\",\"@graph\":[{\"@type\":\"WebPage\",\"@id\":\"https:\/\/csodallas.org\/es\/inscribase\/\",\"url\":\"https:\/\/csodallas.org\/es\/inscribase\/\",\"name\":\"Inscr\u00edbase - Catholic Schools in the Diocese of Dallas\",\"isPartOf\":{\"@id\":\"https:\/\/csodallas.org\/#website\"},\"datePublished\":\"2017-07-10T16:38:52+00:00\",\"dateModified\":\"2021-06-30T21:02:42+00:00\",\"breadcrumb\":{\"@id\":\"https:\/\/csodallas.org\/es\/inscribase\/#breadcrumb\"},\"inLanguage\":\"es\",\"potentialAction\":[{\"@type\":\"ReadAction\",\"target\":[\"https:\/\/csodallas.org\/es\/inscribase\/\"]}]},{\"@type\":\"BreadcrumbList\",\"@id\":\"https:\/\/csodallas.org\/es\/inscribase\/#breadcrumb\",\"itemListElement\":[{\"@type\":\"ListItem\",\"position\":1,\"name\":\"Home\",\"item\":\"https:\/\/csodallas.org\/es\/\"},{\"@type\":\"ListItem\",\"position\":2,\"name\":\"Inscr\u00edbase\"}]},{\"@type\":\"WebSite\",\"@id\":\"https:\/\/csodallas.org\/#website\",\"url\":\"https:\/\/csodallas.org\/\",\"name\":\"Catholic Schools in the Diocese of Dallas\",\"description\":\"Forming Saints and Scholars\",\"potentialAction\":[{\"@type\":\"SearchAction\",\"target\":{\"@type\":\"EntryPoint\",\"urlTemplate\":\"https:\/\/csodallas.org\/?s={search_term_string}\"},\"query-input\":\"required name=search_term_string\"}],\"inLanguage\":\"es\"}]}<\/script>\n<!-- \/ Yoast SEO plugin. -->","yoast_head_json":{"title":"Inscr\u00edbase - Catholic Schools in the Diocese of Dallas","robots":{"index":"index","follow":"follow","max-snippet":"max-snippet:-1","max-image-preview":"max-image-preview:large","max-video-preview":"max-video-preview:-1"},"canonical":"https:\/\/csodallas.org\/es\/inscribase\/","og_locale":"es_ES","og_type":"article","og_title":"Inscr\u00edbase - Catholic Schools in the Diocese of Dallas","og_url":"https:\/\/csodallas.org\/es\/inscribase\/","og_site_name":"Catholic Schools in the Diocese of Dallas","article_modified_time":"2021-06-30T21:02:42+00:00","og_image":[{"url":"http:\/\/csodallas.org\/wp-content\/uploads\/2021\/06\/50off-tuition-header.png"}],"twitter_card":"summary_large_image","twitter_misc":{"Tiempo de lectura":"4 minutos"},"schema":{"@context":"https:\/\/schema.org","@graph":[{"@type":"WebPage","@id":"https:\/\/csodallas.org\/es\/inscribase\/","url":"https:\/\/csodallas.org\/es\/inscribase\/","name":"Inscr\u00edbase - Catholic Schools in the Diocese of Dallas","isPartOf":{"@id":"https:\/\/csodallas.org\/#website"},"datePublished":"2017-07-10T16:38:52+00:00","dateModified":"2021-06-30T21:02:42+00:00","breadcrumb":{"@id":"https:\/\/csodallas.org\/es\/inscribase\/#breadcrumb"},"inLanguage":"es","potentialAction":[{"@type":"ReadAction","target":["https:\/\/csodallas.org\/es\/inscribase\/"]}]},{"@type":"BreadcrumbList","@id":"https:\/\/csodallas.org\/es\/inscribase\/#breadcrumb","itemListElement":[{"@type":"ListItem","position":1,"name":"Home","item":"https:\/\/csodallas.org\/es\/"},{"@type":"ListItem","position":2,"name":"Inscr\u00edbase"}]},{"@type":"WebSite","@id":"https:\/\/csodallas.org\/#website","url":"https:\/\/csodallas.org\/","name":"Catholic Schools in the Diocese of Dallas","description":"Forming Saints and Scholars","potentialAction":[{"@type":"SearchAction","target":{"@type":"EntryPoint","urlTemplate":"https:\/\/csodallas.org\/?s={search_term_string}"},"query-input":"required name=search_term_string"}],"inLanguage":"es"}]}},"ticketed":false,"_links":{"self":[{"href":"https:\/\/csodallas.org\/es\/wp-json\/wp\/v2\/pages\/500"}],"collection":[{"href":"https:\/\/csodallas.org\/es\/wp-json\/wp\/v2\/pages"}],"about":[{"href":"https:\/\/csodallas.org\/es\/wp-json\/wp\/v2\/types\/page"}],"author":[{"embeddable":true,"href":"https:\/\/csodallas.org\/es\/wp-json\/wp\/v2\/users\/86"}],"replies":[{"embeddable":true,"href":"https:\/\/csodallas.org\/es\/wp-json\/wp\/v2\/comments?post=500"}],"version-history":[{"count":0,"href":"https:\/\/csodallas.org\/es\/wp-json\/wp\/v2\/pages\/500\/revisions"}],"wp:attachment":[{"href":"https:\/\/csodallas.org\/es\/wp-json\/wp\/v2\/media?parent=500"}],"curies":[{"name":"wp","href":"https:\/\/api.w.org\/{rel}","templated":true}]}}