{"id":498,"date":"2017-07-10T11:28:10","date_gmt":"2017-07-10T16:28:10","guid":{"rendered":"http:\/\/csodallas.org\/finanzas\/"},"modified":"2020-11-19T02:35:34","modified_gmt":"2020-11-19T08:35:34","slug":"finanzas","status":"publish","type":"page","link":"https:\/\/csodallas.org\/es\/finanzas\/","title":{"rendered":"Finanzas"},"content":{"rendered":"<span  class=\"x-dropcap\" >T<\/span>odas las escuelas de la Di\u00f3cesis de Dallas utilizan un modelo de colegiatura. Sin embargo debido a que creemos en el futuro transformacional que ofrece una educaci\u00f3n Cat\u00f3lica, los costos son altamente subsidiados por iglesias, fundaciones locales, entidades sin fines de lucro y fondos financieros.<\/p>\n<p>La Di\u00f3cesis trabaja para generar planes de pago accesibles y paquetes s\u00f3lidos de ayuda financiera que tienen como objetivo mantener las contribuciones parentales para las personas con mayor necesidad financiera por debajo del 10% de sus ingresos brutos. Si bien las familias siempre deben aportar algo, hacemos todo lo posible por asegurar que si hay voluntad de contar con una educaci\u00f3n Cat\u00f3lica, nosotros proveeremos la manera.<\/p>\n<div  class=\"x-prompt message-left\" ><div class=\"x-prompt-section x-prompt-section-message\"><h2 class=\"h-prompt\">Encuentre una Escuela Cerca de Usted<\/h2><p class=\"p-prompt\">Crezca espiritual, my mental y f\u00edsicamente con una educaci\u00f3n Cat\u00f3lica.<\/p><\/div><div class=\"x-prompt-section x-prompt-section-button\"><a href=\"http:\/\/csodallas.org\/es\/finanzas\/\" class=\"x-btn x-btn-block\" title=\"\u00a1Inscr\u00edbase Ahora!\" >\u00a1Inscr\u00edbase Ahora!<\/a><\/div><\/div>[\/content_band]\n<h2  class=\"h-custom-headline responsive-heading h2 accent\" ><span>AYUDA FINANCIERA<\/span><\/h2>\n<p><img decoding=\"async\" loading=\"lazy\" class=\"alignright size-medium wp-image-603\" src=\"https:\/\/csodallas.org\/wp-content\/uploads\/2017\/01\/Bishops-Invitational-300x154.png\" alt=\"\" width=\"300\" height=\"154\" srcset=\"https:\/\/csodallas.org\/wp-content\/uploads\/2017\/01\/Bishops-Invitational-300x154.png 300w, https:\/\/csodallas.org\/wp-content\/uploads\/2017\/01\/Bishops-Invitational-100x51.png 100w, https:\/\/csodallas.org\/wp-content\/uploads\/2017\/01\/Bishops-Invitational.png 456w\" sizes=\"(max-width: 300px) 100vw, 300px\" \/>Cada a\u00f1o, la Di\u00f3cesis ofrece m\u00e1s de $ 1.2 millones en ayuda financiera directa en base a la necesidad. Las contribuciones diocesanas son dirigidas a las escuelas y parroquias con extraordinaria necesidad que no son atendidas por otros recursos externos.<\/p>\n<p>Las parroquias proporcionan, colectivamente y en promedio, $ 7 millones adicionales en ayuda dirigida a reducciones de costos y rentabilidad, por lo general dirigida a sus feligreses.<\/p>\n<p>Las tres escuelas diocesanas colectivamente ofrecen $ 5 millones en ayuda para ayudar a las familias a costear sus estudios en una Escuela Preparatoria Cat\u00f3lica.<\/p>\n<div  class=\"x-prompt message-left\" ><div class=\"x-prompt-section x-prompt-section-message\"><h2 class=\"h-prompt\">Como llenar una solicitud<\/h2><p class=\"p-prompt\">Ent\u00e9rese si califica para recibir asistencia financiera.<\/p><\/div><div class=\"x-prompt-section x-prompt-section-button\"><a href=\"http:\/\/csodallas.org\/es\/asistencia-financiera-para-la-educacion-catolica\/\" class=\"x-btn x-btn-block\" title=\"\u00a1Llene una solicitud hoy!\" >\u00a1Llene una solicitud hoy!<\/a><\/div><\/div>[\/content_band]\n&nbsp;<\/p>\n<h2  class=\"h-custom-headline responsive-heading h2 accent\" ><span>ACCESIBILIDAD<\/span><\/h2>\n<p>Aun cuando la Di\u00f3cesis en su totalidad est\u00e1 invirtiendo $ 13.2 millones en las escuelas cada a\u00f1o, nuestro compromiso con la accesibilidad a\u00fan no ha sido logrado. Estamos trabajando en programas que limitar\u00edan la colegiatura en \u00e1reas donde el ingreso promedio est\u00e1 por debajo del nivel federal de pobreza a no m\u00e1s de 7.5% del ingreso familiar bruto \u2013 y estamos comprometiendo $ 15 millones adicionales en fondos financieros para ayudar a lograr este objetivo durante los pr\u00f3ximos 5 a\u00f1os.<\/p>\n<p>Las Becas Diocesanas no son la \u00fanica manera de ayudar a financiar una Educaci\u00f3n Cat\u00f3lica. La Di\u00f3cesis tambi\u00e9n se asocia con <a href=\"http:\/\/www.catholicfoundation.com\/\" target=\"_blank\" rel=\"noopener noreferrer\">la Fundaci\u00f3n Cat\u00f3lica<\/a>, <a href=\"https:\/\/www.jethsuby.org\/\" target=\"_blank\" rel=\"noopener noreferrer\">Fondo de Becas Jethsuby<\/a>, <a href=\"https:\/\/www.acescholarships.org\/\" target=\"_blank\" rel=\"noopener noreferrer\">Becas de ACE<\/a>, dirigida a donantes locales y a una serie de fundaciones locales.<\/p>\n<ul  class=\"x-block-grid three-up\" > <li  class=\"x-block-grid-item\" > <a href=\"https:\/\/www.jethsuby.org\/\" target=\"_blank\" rel=\"noopener noreferrer\"><img  class=\"x-img x-img-thumbnail\"  src=\"http:\/\/csodallas.org\/wp-content\/uploads\/2017\/01\/Jethusby-300x65.png\" alt=\"Place Alt Text Here\"><\/a> <\/li> <li  class=\"x-block-grid-item\" > <a href=\"https:\/\/www.acescholarships.org\/\" target=\"_blank\" rel=\"noopener noreferrer\"><img  class=\"x-img x-img-thumbnail\"  src=\"http:\/\/csodallas.org\/wp-content\/uploads\/2017\/12\/ACE-Logo-300x65.png\" alt=\"Place Alt Text Here\"><\/a> <\/li> <li  class=\"x-block-grid-item\" > <a href=\"http:\/\/www.catholicfoundation.com\/\" target=\"_blank\" rel=\"noopener noreferrer\"><img  class=\"x-img x-img-thumbnail\"  src=\"http:\/\/csodallas.org\/wp-content\/uploads\/2017\/12\/catholicfoundation-300x65.png\" alt=\"Place Alt Text Here\"><\/a> <\/li> <\/ul>\n<h2  class=\"h-custom-headline responsive-heading h2 accent\" ><span>APOYE A LAS ESCUELAS CAT\u00d3LICAS<\/span><\/h2>\nPara ser un socio de la Educaci\u00f3n Cat\u00f3lica, usted puede donar de tres maneras:<\/p>\n<ul  class=\"x-block-grid three-up\" > <li  class=\"x-block-grid-item\" > <a href=\"http:\/\/bishopsgolf.org\/\" target=\"_blank\" rel=\"noopener noreferrer\"><img  class=\"x-img x-img-thumbnail\"  src=\"http:\/\/csodallas.org\/wp-content\/uploads\/2017\/07\/Promo2-BishopsGolf-400x300.jpg\" alt=\"The impact fund\"><\/a><br \/>\n<strong><a href=\"http:\/\/bishopsgolf.org\/\" target=\"_blank\" rel=\"noopener noreferrer\">FONDO DE IMPACTO<\/a><\/strong><br \/>\nA trav\u00e9s del Torneo de Golf, estos fondos se convierten inmediatamente en una beca para el pr\u00f3ximo ciclo escolar. <\/li> <li  class=\"x-block-grid-item\" > <img  class=\"x-img x-img-thumbnail\"  src=\"http:\/\/csodallas.org\/wp-content\/uploads\/2017\/07\/Promo1-400x300.jpg\" alt=\"The endowment fund\">\n<strong>FONDO FINANCIERO<\/strong><br \/>\nAdministrados a trav\u00e9s de DEET, estos fondos sostienen familias con la mayor necesidad econ\u00f3mica en \u00e1reas de gran necesidad en Dallas. <\/li> <li  class=\"x-block-grid-item\" > <img  class=\"x-img x-img-thumbnail\"  src=\"http:\/\/csodallas.org\/wp-content\/uploads\/2017\/07\/Promo3-400x300.jpg\" alt=\"Specialized donor funds\">\n<strong>FONDOS DE DONANTES ESPECIALIZADOS <\/strong><br \/>\nOtorgados a grupos espec\u00edficos de estudiantes, estos fondos est\u00e1n dise\u00f1ados para impactar la pasi\u00f3n de donantes dentro de contextos espec\u00edficos.<\/li><\/ul>\n","protected":false},"excerpt":{"rendered":"<p>odas las escuelas de la Di\u00f3cesis de Dallas utilizan un modelo de colegiatura. Sin embargo debido a que creemos en el futuro transformacional que ofrece una educaci\u00f3n Cat\u00f3lica, los costos son altamente subsidiados por iglesias, fundaciones locales, entidades sin fines de lucro y fondos financieros. La Di\u00f3cesis trabaja para generar planes de pago accesibles y paquetes s\u00f3lidos de ayuda financiera &#8230; <\/p>\n<div><a href=\"https:\/\/csodallas.org\/es\/finanzas\/\" class=\"more-link\">Read More<\/a><\/div>\n","protected":false},"author":86,"featured_media":0,"parent":0,"menu_order":5,"comment_status":"closed","ping_status":"closed","template":"","meta":{"_price":"","_stock":"","_tribe_ticket_header":"","_tribe_default_ticket_provider":"","_tribe_ticket_capacity":"0","_ticket_start_date":"","_ticket_end_date":"","_tribe_ticket_show_description":"","_tribe_ticket_show_not_going":false,"_tribe_ticket_use_global_stock":"","_tribe_ticket_global_stock_level":"","_global_stock_mode":"","_global_stock_cap":"","_tribe_rsvp_for_event":"","_tribe_ticket_going_count":"","_tribe_ticket_not_going_count":"","_tribe_tickets_list":[],"_tribe_ticket_has_attendee_info_fields":false},"acf":[],"yoast_head":"<!-- This site is optimized with the Yoast SEO plugin v21.1 - https:\/\/yoast.com\/wordpress\/plugins\/seo\/ -->\n<title>Finanzas - Catholic Schools in the Diocese of Dallas<\/title>\n<meta name=\"robots\" content=\"index, follow, max-snippet:-1, max-image-preview:large, max-video-preview:-1\" \/>\n<link rel=\"canonical\" href=\"https:\/\/csodallas.org\/es\/finanzas\/\" \/>\n<meta property=\"og:locale\" content=\"es_ES\" \/>\n<meta property=\"og:type\" content=\"article\" \/>\n<meta property=\"og:title\" content=\"Finanzas - Catholic Schools in the Diocese of Dallas\" \/>\n<meta property=\"og:description\" content=\"odas las escuelas de la Di\u00f3cesis de Dallas utilizan un modelo de colegiatura. Sin embargo debido a que creemos en el futuro transformacional que ofrece una educaci\u00f3n Cat\u00f3lica, los costos son altamente subsidiados por iglesias, fundaciones locales, entidades sin fines de lucro y fondos financieros. La Di\u00f3cesis trabaja para generar planes de pago accesibles y paquetes s\u00f3lidos de ayuda financiera ... Read More\" \/>\n<meta property=\"og:url\" content=\"https:\/\/csodallas.org\/es\/finanzas\/\" \/>\n<meta property=\"og:site_name\" content=\"Catholic Schools in the Diocese of Dallas\" \/>\n<meta property=\"article:modified_time\" content=\"2020-11-19T08:35:34+00:00\" \/>\n<meta property=\"og:image\" content=\"https:\/\/csodallas.org\/wp-content\/uploads\/2017\/01\/Bishops-Invitational-300x154.png\" \/>\n<meta name=\"twitter:card\" content=\"summary_large_image\" \/>\n<meta name=\"twitter:label1\" content=\"Tiempo de lectura\" \/>\n\t<meta name=\"twitter:data1\" content=\"4 minutos\" \/>\n<script type=\"application\/ld+json\" class=\"yoast-schema-graph\">{\"@context\":\"https:\/\/schema.org\",\"@graph\":[{\"@type\":\"WebPage\",\"@id\":\"https:\/\/csodallas.org\/es\/finanzas\/\",\"url\":\"https:\/\/csodallas.org\/es\/finanzas\/\",\"name\":\"Finanzas - Catholic Schools in the Diocese of Dallas\",\"isPartOf\":{\"@id\":\"https:\/\/csodallas.org\/#website\"},\"datePublished\":\"2017-07-10T16:28:10+00:00\",\"dateModified\":\"2020-11-19T08:35:34+00:00\",\"breadcrumb\":{\"@id\":\"https:\/\/csodallas.org\/es\/finanzas\/#breadcrumb\"},\"inLanguage\":\"es\",\"potentialAction\":[{\"@type\":\"ReadAction\",\"target\":[\"https:\/\/csodallas.org\/es\/finanzas\/\"]}]},{\"@type\":\"BreadcrumbList\",\"@id\":\"https:\/\/csodallas.org\/es\/finanzas\/#breadcrumb\",\"itemListElement\":[{\"@type\":\"ListItem\",\"position\":1,\"name\":\"Home\",\"item\":\"https:\/\/csodallas.org\/es\/\"},{\"@type\":\"ListItem\",\"position\":2,\"name\":\"Finanzas\"}]},{\"@type\":\"WebSite\",\"@id\":\"https:\/\/csodallas.org\/#website\",\"url\":\"https:\/\/csodallas.org\/\",\"name\":\"Catholic Schools in the Diocese of Dallas\",\"description\":\"Forming Saints and Scholars\",\"potentialAction\":[{\"@type\":\"SearchAction\",\"target\":{\"@type\":\"EntryPoint\",\"urlTemplate\":\"https:\/\/csodallas.org\/?s={search_term_string}\"},\"query-input\":\"required name=search_term_string\"}],\"inLanguage\":\"es\"}]}<\/script>\n<!-- \/ Yoast SEO plugin. -->","yoast_head_json":{"title":"Finanzas - Catholic Schools in the Diocese of Dallas","robots":{"index":"index","follow":"follow","max-snippet":"max-snippet:-1","max-image-preview":"max-image-preview:large","max-video-preview":"max-video-preview:-1"},"canonical":"https:\/\/csodallas.org\/es\/finanzas\/","og_locale":"es_ES","og_type":"article","og_title":"Finanzas - Catholic Schools in the Diocese of Dallas","og_description":"odas las escuelas de la Di\u00f3cesis de Dallas utilizan un modelo de colegiatura. Sin embargo debido a que creemos en el futuro transformacional que ofrece una educaci\u00f3n Cat\u00f3lica, los costos son altamente subsidiados por iglesias, fundaciones locales, entidades sin fines de lucro y fondos financieros. La Di\u00f3cesis trabaja para generar planes de pago accesibles y paquetes s\u00f3lidos de ayuda financiera ... Read More","og_url":"https:\/\/csodallas.org\/es\/finanzas\/","og_site_name":"Catholic Schools in the Diocese of Dallas","article_modified_time":"2020-11-19T08:35:34+00:00","og_image":[{"url":"https:\/\/csodallas.org\/wp-content\/uploads\/2017\/01\/Bishops-Invitational-300x154.png"}],"twitter_card":"summary_large_image","twitter_misc":{"Tiempo de lectura":"4 minutos"},"schema":{"@context":"https:\/\/schema.org","@graph":[{"@type":"WebPage","@id":"https:\/\/csodallas.org\/es\/finanzas\/","url":"https:\/\/csodallas.org\/es\/finanzas\/","name":"Finanzas - Catholic Schools in the Diocese of Dallas","isPartOf":{"@id":"https:\/\/csodallas.org\/#website"},"datePublished":"2017-07-10T16:28:10+00:00","dateModified":"2020-11-19T08:35:34+00:00","breadcrumb":{"@id":"https:\/\/csodallas.org\/es\/finanzas\/#breadcrumb"},"inLanguage":"es","potentialAction":[{"@type":"ReadAction","target":["https:\/\/csodallas.org\/es\/finanzas\/"]}]},{"@type":"BreadcrumbList","@id":"https:\/\/csodallas.org\/es\/finanzas\/#breadcrumb","itemListElement":[{"@type":"ListItem","position":1,"name":"Home","item":"https:\/\/csodallas.org\/es\/"},{"@type":"ListItem","position":2,"name":"Finanzas"}]},{"@type":"WebSite","@id":"https:\/\/csodallas.org\/#website","url":"https:\/\/csodallas.org\/","name":"Catholic Schools in the Diocese of Dallas","description":"Forming Saints and Scholars","potentialAction":[{"@type":"SearchAction","target":{"@type":"EntryPoint","urlTemplate":"https:\/\/csodallas.org\/?s={search_term_string}"},"query-input":"required name=search_term_string"}],"inLanguage":"es"}]}},"ticketed":false,"_links":{"self":[{"href":"https:\/\/csodallas.org\/es\/wp-json\/wp\/v2\/pages\/498"}],"collection":[{"href":"https:\/\/csodallas.org\/es\/wp-json\/wp\/v2\/pages"}],"about":[{"href":"https:\/\/csodallas.org\/es\/wp-json\/wp\/v2\/types\/page"}],"author":[{"embeddable":true,"href":"https:\/\/csodallas.org\/es\/wp-json\/wp\/v2\/users\/86"}],"replies":[{"embeddable":true,"href":"https:\/\/csodallas.org\/es\/wp-json\/wp\/v2\/comments?post=498"}],"version-history":[{"count":0,"href":"https:\/\/csodallas.org\/es\/wp-json\/wp\/v2\/pages\/498\/revisions"}],"wp:attachment":[{"href":"https:\/\/csodallas.org\/es\/wp-json\/wp\/v2\/media?parent=498"}],"curies":[{"name":"wp","href":"https:\/\/api.w.org\/{rel}","templated":true}]}}