{"id":1041,"date":"2017-08-25T16:50:38","date_gmt":"2017-08-25T21:50:38","guid":{"rendered":"http:\/\/csodallas.org\/?page_id=1041\/"},"modified":"2017-08-25T16:53:19","modified_gmt":"2017-08-25T21:53:19","slug":"elegibilidad","status":"publish","type":"page","link":"https:\/\/csodallas.org\/es\/elegibilidad\/","title":{"rendered":"Elegibilidad"},"content":{"rendered":"<h3  class=\"h-custom-headline responsive-heading h3 accent\" ><span>Para ser elegible a recibir asistencia con la colegiatura, una familia\/estudiante debe<\/span><\/h3>\nDemostrar necesidad financiera;<br \/>\nCumplir con los requisitos de entrada de la escuela parroquial\/diocesana especifica; Ser admitido e inscrito a los grados K-12 en dicha escuela; y<br \/>\nEstar al corriente con todas las obligaciones financieras en todas las escuelas Cat\u00f3licas de la di\u00f3cesis.<\/p>\n<h3  class=\"h-custom-headline responsive-heading h3 accent\" ><span>Los criterios secundarios de elegibilidad considerados incluyen:<\/span><\/h3>\n<p>Asistencia regular del menor;<br \/>\nPosibilidad de inscripci\u00f3n del menor a largo plazo;<br \/>\nParticipaci\u00f3n de los padres en actividades escolares como se espera de todos los padres de familia;<br \/>\nHistorial de pago de la familia; y<br \/>\nMantenimiento de un nivel acad\u00e9mico consistente con los est\u00e1ndares y capacidades individuales del estudiante.<\/p>\n<p>&thinsp;<\/p>\n<div style=\"width:50%; padding:0 10px 0 0; float: left;\">\n<a  class=\"x-btn x-btn-square x-btn-large\"  href=\"http:\/\/csodallas.org\/wp-content\/uploads\/2017\/08\/Tuition-assistance-program-2017-2018.pdf\" title=\"example\"    data-options=\"thumbnail: ''\">Instrucciones de Aplicaci\u00f3n en Ingl\u00e9s<\/a><\/div>\n<div style=\"width:50%; padding:0 10px 0 0; float: right;\">\n<a  class=\"x-btn x-btn-square x-btn-large\"  href=\"http:\/\/csodallas.org\/wp-content\/uploads\/2017\/08\/Tuition-assistance-program-Sp-2017-2018.pdf\" title=\"example\"    data-options=\"thumbnail: ''\">\nInstrucciones de Aplicaci\u00f3n en Espa\u00f1ol<\/a><\/div>\n","protected":false},"excerpt":{"rendered":"<p>Demostrar necesidad financiera; Cumplir con los requisitos de entrada de la escuela parroquial\/diocesana especifica; Ser admitido e inscrito a los grados K-12 en dicha escuela; y Estar al corriente con todas las obligaciones financieras en todas las escuelas Cat\u00f3licas de la di\u00f3cesis. Asistencia regular del menor; Posibilidad de inscripci\u00f3n del menor a largo plazo; Participaci\u00f3n de los padres en actividades &#8230; <\/p>\n<div><a href=\"https:\/\/csodallas.org\/es\/elegibilidad\/\" class=\"more-link\">Read More<\/a><\/div>\n","protected":false},"author":5,"featured_media":0,"parent":0,"menu_order":0,"comment_status":"closed","ping_status":"closed","template":"","meta":{"_price":"","_stock":"","_tribe_ticket_header":"","_tribe_default_ticket_provider":"","_tribe_ticket_capacity":"0","_ticket_start_date":"","_ticket_end_date":"","_tribe_ticket_show_description":"","_tribe_ticket_show_not_going":false,"_tribe_ticket_use_global_stock":"","_tribe_ticket_global_stock_level":"","_global_stock_mode":"","_global_stock_cap":"","_tribe_rsvp_for_event":"","_tribe_ticket_going_count":"","_tribe_ticket_not_going_count":"","_tribe_tickets_list":[],"_tribe_ticket_has_attendee_info_fields":false},"acf":[],"yoast_head":"<!-- This site is optimized with the Yoast SEO plugin v21.1 - https:\/\/yoast.com\/wordpress\/plugins\/seo\/ -->\n<title>Elegibilidad - Catholic Schools in the Diocese of Dallas<\/title>\n<meta name=\"robots\" content=\"index, follow, max-snippet:-1, max-image-preview:large, max-video-preview:-1\" \/>\n<link rel=\"canonical\" href=\"https:\/\/csodallas.org\/es\/elegibilidad\/\" \/>\n<meta property=\"og:locale\" content=\"es_ES\" \/>\n<meta property=\"og:type\" content=\"article\" \/>\n<meta property=\"og:title\" content=\"Elegibilidad - Catholic Schools in the Diocese of Dallas\" \/>\n<meta property=\"og:description\" content=\"Demostrar necesidad financiera; Cumplir con los requisitos de entrada de la escuela parroquial\/diocesana especifica; Ser admitido e inscrito a los grados K-12 en dicha escuela; y Estar al corriente con todas las obligaciones financieras en todas las escuelas Cat\u00f3licas de la di\u00f3cesis. Asistencia regular del menor; Posibilidad de inscripci\u00f3n del menor a largo plazo; Participaci\u00f3n de los padres en actividades ... Read More\" \/>\n<meta property=\"og:url\" content=\"https:\/\/csodallas.org\/es\/elegibilidad\/\" \/>\n<meta property=\"og:site_name\" content=\"Catholic Schools in the Diocese of Dallas\" \/>\n<meta property=\"article:modified_time\" content=\"2017-08-25T21:53:19+00:00\" \/>\n<meta name=\"twitter:card\" content=\"summary_large_image\" \/>\n<meta name=\"twitter:label1\" content=\"Tiempo de lectura\" \/>\n\t<meta name=\"twitter:data1\" content=\"1 minuto\" \/>\n<script type=\"application\/ld+json\" class=\"yoast-schema-graph\">{\"@context\":\"https:\/\/schema.org\",\"@graph\":[{\"@type\":\"WebPage\",\"@id\":\"https:\/\/csodallas.org\/es\/elegibilidad\/\",\"url\":\"https:\/\/csodallas.org\/es\/elegibilidad\/\",\"name\":\"Elegibilidad - Catholic Schools in the Diocese of Dallas\",\"isPartOf\":{\"@id\":\"https:\/\/csodallas.org\/#website\"},\"datePublished\":\"2017-08-25T21:50:38+00:00\",\"dateModified\":\"2017-08-25T21:53:19+00:00\",\"breadcrumb\":{\"@id\":\"https:\/\/csodallas.org\/es\/elegibilidad\/#breadcrumb\"},\"inLanguage\":\"es\",\"potentialAction\":[{\"@type\":\"ReadAction\",\"target\":[\"https:\/\/csodallas.org\/es\/elegibilidad\/\"]}]},{\"@type\":\"BreadcrumbList\",\"@id\":\"https:\/\/csodallas.org\/es\/elegibilidad\/#breadcrumb\",\"itemListElement\":[{\"@type\":\"ListItem\",\"position\":1,\"name\":\"Home\",\"item\":\"https:\/\/csodallas.org\/es\/\"},{\"@type\":\"ListItem\",\"position\":2,\"name\":\"Elegibilidad\"}]},{\"@type\":\"WebSite\",\"@id\":\"https:\/\/csodallas.org\/#website\",\"url\":\"https:\/\/csodallas.org\/\",\"name\":\"Catholic Schools in the Diocese of Dallas\",\"description\":\"Forming Saints and Scholars\",\"potentialAction\":[{\"@type\":\"SearchAction\",\"target\":{\"@type\":\"EntryPoint\",\"urlTemplate\":\"https:\/\/csodallas.org\/?s={search_term_string}\"},\"query-input\":\"required name=search_term_string\"}],\"inLanguage\":\"es\"}]}<\/script>\n<!-- \/ Yoast SEO plugin. -->","yoast_head_json":{"title":"Elegibilidad - Catholic Schools in the Diocese of Dallas","robots":{"index":"index","follow":"follow","max-snippet":"max-snippet:-1","max-image-preview":"max-image-preview:large","max-video-preview":"max-video-preview:-1"},"canonical":"https:\/\/csodallas.org\/es\/elegibilidad\/","og_locale":"es_ES","og_type":"article","og_title":"Elegibilidad - Catholic Schools in the Diocese of Dallas","og_description":"Demostrar necesidad financiera; Cumplir con los requisitos de entrada de la escuela parroquial\/diocesana especifica; Ser admitido e inscrito a los grados K-12 en dicha escuela; y Estar al corriente con todas las obligaciones financieras en todas las escuelas Cat\u00f3licas de la di\u00f3cesis. Asistencia regular del menor; Posibilidad de inscripci\u00f3n del menor a largo plazo; Participaci\u00f3n de los padres en actividades ... Read More","og_url":"https:\/\/csodallas.org\/es\/elegibilidad\/","og_site_name":"Catholic Schools in the Diocese of Dallas","article_modified_time":"2017-08-25T21:53:19+00:00","twitter_card":"summary_large_image","twitter_misc":{"Tiempo de lectura":"1 minuto"},"schema":{"@context":"https:\/\/schema.org","@graph":[{"@type":"WebPage","@id":"https:\/\/csodallas.org\/es\/elegibilidad\/","url":"https:\/\/csodallas.org\/es\/elegibilidad\/","name":"Elegibilidad - Catholic Schools in the Diocese of Dallas","isPartOf":{"@id":"https:\/\/csodallas.org\/#website"},"datePublished":"2017-08-25T21:50:38+00:00","dateModified":"2017-08-25T21:53:19+00:00","breadcrumb":{"@id":"https:\/\/csodallas.org\/es\/elegibilidad\/#breadcrumb"},"inLanguage":"es","potentialAction":[{"@type":"ReadAction","target":["https:\/\/csodallas.org\/es\/elegibilidad\/"]}]},{"@type":"BreadcrumbList","@id":"https:\/\/csodallas.org\/es\/elegibilidad\/#breadcrumb","itemListElement":[{"@type":"ListItem","position":1,"name":"Home","item":"https:\/\/csodallas.org\/es\/"},{"@type":"ListItem","position":2,"name":"Elegibilidad"}]},{"@type":"WebSite","@id":"https:\/\/csodallas.org\/#website","url":"https:\/\/csodallas.org\/","name":"Catholic Schools in the Diocese of Dallas","description":"Forming Saints and Scholars","potentialAction":[{"@type":"SearchAction","target":{"@type":"EntryPoint","urlTemplate":"https:\/\/csodallas.org\/?s={search_term_string}"},"query-input":"required name=search_term_string"}],"inLanguage":"es"}]}},"ticketed":false,"_links":{"self":[{"href":"https:\/\/csodallas.org\/es\/wp-json\/wp\/v2\/pages\/1041"}],"collection":[{"href":"https:\/\/csodallas.org\/es\/wp-json\/wp\/v2\/pages"}],"about":[{"href":"https:\/\/csodallas.org\/es\/wp-json\/wp\/v2\/types\/page"}],"author":[{"embeddable":true,"href":"https:\/\/csodallas.org\/es\/wp-json\/wp\/v2\/users\/5"}],"replies":[{"embeddable":true,"href":"https:\/\/csodallas.org\/es\/wp-json\/wp\/v2\/comments?post=1041"}],"version-history":[{"count":0,"href":"https:\/\/csodallas.org\/es\/wp-json\/wp\/v2\/pages\/1041\/revisions"}],"wp:attachment":[{"href":"https:\/\/csodallas.org\/es\/wp-json\/wp\/v2\/media?parent=1041"}],"curies":[{"name":"wp","href":"https:\/\/api.w.org\/{rel}","templated":true}]}}