{"id":1039,"date":"2017-08-25T16:44:11","date_gmt":"2017-08-25T21:44:11","guid":{"rendered":"http:\/\/csodallas.org\/?page_id=1039\/"},"modified":"2017-08-25T16:50:57","modified_gmt":"2017-08-25T21:50:57","slug":"asistencia-financiera-para-la-educacion-catolica","status":"publish","type":"page","link":"https:\/\/csodallas.org\/es\/asistencia-financiera-para-la-educacion-catolica\/","title":{"rendered":"Asistencia Financiera para la Educaci\u00f3n Cat\u00f3lica"},"content":{"rendered":"<span  class=\"x-dropcap\" >I<\/span>nscribirse en una Escuela Cat\u00f3lica es m\u00e1s que elegir una mejor educaci\u00f3n: \u00a1Se trata de elegir una vida mejor!<\/p>\n<p>Invertir en una Educaci\u00f3n Cat\u00f3lica proporciona una estricta preparaci\u00f3n moral, social y acad\u00e9mica dentro de la tradici\u00f3n Cat\u00f3lica. Si bien la Educaci\u00f3n Cat\u00f3lica puede ser un sacrificio econ\u00f3mico para nuestras familias, muchos de nuestros estudiantes potenciales viven en \u00e1reas en las que las opciones locales son insuficientes o simplemente no est\u00e1n adaptadas a las necesidades particulares de la familia. Por lo tanto, estamos comprometidos en darles la oportunidad de asistir a las Escuelas Cat\u00f3licas a todas las familias en la Di\u00f3cesis de Dallas.<\/p>\n<p>La asistencia con la colegiatura var\u00eda en cada escuela debido a que los costos de la colegiatura tambi\u00e9n var\u00edan. Se recomienda que las familias interesadas en obtener asistencia con la colegiatura llamen a su escuela local y pregunten acerca del proceso de inscripci\u00f3n. La asistencia se otorga independientemente de la raza, religi\u00f3n, g\u00e9nero u origen \u00e9tnico.<\/p>\n<p>La Di\u00f3cesis de Dallas cuenta con un fondo financiero que provee asistencia con la colegiatura a los padres que desean educar a sus hijos en una escuela Cat\u00f3lica primaria y secundaria, propiedad de y operada por la Di\u00f3cesis de Dallas o una de sus parroquias. La asistencia financiera se encuentra disponible para los estudiantes aceptados e inscritos en una de estas escuelas cuyas familias pueden demostrar necesidad de asistencia financiera para costear una educaci\u00f3n en una escuela Cat\u00f3lica. Los fondos son limitados; por lo que todas las solicitudes deben ser completamente sometidas a m\u00e1s tardar el 1ero. de abril del a\u00f1o escolar anterior al que solicita asistencia financiera.<\/p>\n<div  class=\"x-prompt message-left\" ><div class=\"x-prompt-section x-prompt-section-message\"><h2 class=\"h-prompt\">Criterios de Elegibilidad<\/h2><p class=\"p-prompt\">Presione aqu\u00ed para leer los criterios de elegibilidad<\/p><\/div><div class=\"x-prompt-section x-prompt-section-button\"><a href=\"http:\/\/csodallas.org\/es\/elegibilidad\/\" class=\"x-btn x-btn-block\" title=\"\u00a1Inscr\u00edbase Ahora!\" >\u00a1Inscr\u00edbase Ahora!<\/a><\/div><\/div>\n","protected":false},"excerpt":{"rendered":"<p>nscribirse en una Escuela Cat\u00f3lica es m\u00e1s que elegir una mejor educaci\u00f3n: \u00a1Se trata de elegir una vida mejor! Invertir en una Educaci\u00f3n Cat\u00f3lica proporciona una estricta preparaci\u00f3n moral, social y acad\u00e9mica dentro de la tradici\u00f3n Cat\u00f3lica. Si bien la Educaci\u00f3n Cat\u00f3lica puede ser un sacrificio econ\u00f3mico para nuestras familias, muchos de nuestros estudiantes potenciales viven en \u00e1reas en las &#8230; <\/p>\n<div><a href=\"https:\/\/csodallas.org\/es\/asistencia-financiera-para-la-educacion-catolica\/\" class=\"more-link\">Read More<\/a><\/div>\n","protected":false},"author":5,"featured_media":0,"parent":0,"menu_order":0,"comment_status":"closed","ping_status":"closed","template":"","meta":{"_price":"","_stock":"","_tribe_ticket_header":"","_tribe_default_ticket_provider":"","_tribe_ticket_capacity":"0","_ticket_start_date":"","_ticket_end_date":"","_tribe_ticket_show_description":"","_tribe_ticket_show_not_going":false,"_tribe_ticket_use_global_stock":"","_tribe_ticket_global_stock_level":"","_global_stock_mode":"","_global_stock_cap":"","_tribe_rsvp_for_event":"","_tribe_ticket_going_count":"","_tribe_ticket_not_going_count":"","_tribe_tickets_list":[],"_tribe_ticket_has_attendee_info_fields":false},"acf":[],"yoast_head":"<!-- This site is optimized with the Yoast SEO plugin v21.1 - https:\/\/yoast.com\/wordpress\/plugins\/seo\/ -->\n<title>Asistencia Financiera para la Educaci\u00f3n Cat\u00f3lica - Catholic Schools in the Diocese of Dallas<\/title>\n<meta name=\"robots\" content=\"index, follow, max-snippet:-1, max-image-preview:large, max-video-preview:-1\" \/>\n<link rel=\"canonical\" href=\"https:\/\/csodallas.org\/es\/asistencia-financiera-para-la-educacion-catolica\/\" \/>\n<meta property=\"og:locale\" content=\"es_ES\" \/>\n<meta property=\"og:type\" content=\"article\" \/>\n<meta property=\"og:title\" content=\"Asistencia Financiera para la Educaci\u00f3n Cat\u00f3lica - Catholic Schools in the Diocese of Dallas\" \/>\n<meta property=\"og:description\" content=\"nscribirse en una Escuela Cat\u00f3lica es m\u00e1s que elegir una mejor educaci\u00f3n: \u00a1Se trata de elegir una vida mejor! Invertir en una Educaci\u00f3n Cat\u00f3lica proporciona una estricta preparaci\u00f3n moral, social y acad\u00e9mica dentro de la tradici\u00f3n Cat\u00f3lica. Si bien la Educaci\u00f3n Cat\u00f3lica puede ser un sacrificio econ\u00f3mico para nuestras familias, muchos de nuestros estudiantes potenciales viven en \u00e1reas en las ... Read More\" \/>\n<meta property=\"og:url\" content=\"https:\/\/csodallas.org\/es\/asistencia-financiera-para-la-educacion-catolica\/\" \/>\n<meta property=\"og:site_name\" content=\"Catholic Schools in the Diocese of Dallas\" \/>\n<meta property=\"article:modified_time\" content=\"2017-08-25T21:50:57+00:00\" \/>\n<meta name=\"twitter:card\" content=\"summary_large_image\" \/>\n<meta name=\"twitter:label1\" content=\"Tiempo de lectura\" \/>\n\t<meta name=\"twitter:data1\" content=\"2 minutos\" \/>\n<script type=\"application\/ld+json\" class=\"yoast-schema-graph\">{\"@context\":\"https:\/\/schema.org\",\"@graph\":[{\"@type\":\"WebPage\",\"@id\":\"https:\/\/csodallas.org\/es\/asistencia-financiera-para-la-educacion-catolica\/\",\"url\":\"https:\/\/csodallas.org\/es\/asistencia-financiera-para-la-educacion-catolica\/\",\"name\":\"Asistencia Financiera para la Educaci\u00f3n Cat\u00f3lica - Catholic Schools in the Diocese of Dallas\",\"isPartOf\":{\"@id\":\"https:\/\/csodallas.org\/#website\"},\"datePublished\":\"2017-08-25T21:44:11+00:00\",\"dateModified\":\"2017-08-25T21:50:57+00:00\",\"breadcrumb\":{\"@id\":\"https:\/\/csodallas.org\/es\/asistencia-financiera-para-la-educacion-catolica\/#breadcrumb\"},\"inLanguage\":\"es\",\"potentialAction\":[{\"@type\":\"ReadAction\",\"target\":[\"https:\/\/csodallas.org\/es\/asistencia-financiera-para-la-educacion-catolica\/\"]}]},{\"@type\":\"BreadcrumbList\",\"@id\":\"https:\/\/csodallas.org\/es\/asistencia-financiera-para-la-educacion-catolica\/#breadcrumb\",\"itemListElement\":[{\"@type\":\"ListItem\",\"position\":1,\"name\":\"Home\",\"item\":\"https:\/\/csodallas.org\/es\/\"},{\"@type\":\"ListItem\",\"position\":2,\"name\":\"Asistencia Financiera para la Educaci\u00f3n Cat\u00f3lica\"}]},{\"@type\":\"WebSite\",\"@id\":\"https:\/\/csodallas.org\/#website\",\"url\":\"https:\/\/csodallas.org\/\",\"name\":\"Catholic Schools in the Diocese of Dallas\",\"description\":\"Forming Saints and Scholars\",\"potentialAction\":[{\"@type\":\"SearchAction\",\"target\":{\"@type\":\"EntryPoint\",\"urlTemplate\":\"https:\/\/csodallas.org\/?s={search_term_string}\"},\"query-input\":\"required name=search_term_string\"}],\"inLanguage\":\"es\"}]}<\/script>\n<!-- \/ Yoast SEO plugin. -->","yoast_head_json":{"title":"Asistencia Financiera para la Educaci\u00f3n Cat\u00f3lica - Catholic Schools in the Diocese of Dallas","robots":{"index":"index","follow":"follow","max-snippet":"max-snippet:-1","max-image-preview":"max-image-preview:large","max-video-preview":"max-video-preview:-1"},"canonical":"https:\/\/csodallas.org\/es\/asistencia-financiera-para-la-educacion-catolica\/","og_locale":"es_ES","og_type":"article","og_title":"Asistencia Financiera para la Educaci\u00f3n Cat\u00f3lica - Catholic Schools in the Diocese of Dallas","og_description":"nscribirse en una Escuela Cat\u00f3lica es m\u00e1s que elegir una mejor educaci\u00f3n: \u00a1Se trata de elegir una vida mejor! Invertir en una Educaci\u00f3n Cat\u00f3lica proporciona una estricta preparaci\u00f3n moral, social y acad\u00e9mica dentro de la tradici\u00f3n Cat\u00f3lica. Si bien la Educaci\u00f3n Cat\u00f3lica puede ser un sacrificio econ\u00f3mico para nuestras familias, muchos de nuestros estudiantes potenciales viven en \u00e1reas en las ... Read More","og_url":"https:\/\/csodallas.org\/es\/asistencia-financiera-para-la-educacion-catolica\/","og_site_name":"Catholic Schools in the Diocese of Dallas","article_modified_time":"2017-08-25T21:50:57+00:00","twitter_card":"summary_large_image","twitter_misc":{"Tiempo de lectura":"2 minutos"},"schema":{"@context":"https:\/\/schema.org","@graph":[{"@type":"WebPage","@id":"https:\/\/csodallas.org\/es\/asistencia-financiera-para-la-educacion-catolica\/","url":"https:\/\/csodallas.org\/es\/asistencia-financiera-para-la-educacion-catolica\/","name":"Asistencia Financiera para la Educaci\u00f3n Cat\u00f3lica - Catholic Schools in the Diocese of Dallas","isPartOf":{"@id":"https:\/\/csodallas.org\/#website"},"datePublished":"2017-08-25T21:44:11+00:00","dateModified":"2017-08-25T21:50:57+00:00","breadcrumb":{"@id":"https:\/\/csodallas.org\/es\/asistencia-financiera-para-la-educacion-catolica\/#breadcrumb"},"inLanguage":"es","potentialAction":[{"@type":"ReadAction","target":["https:\/\/csodallas.org\/es\/asistencia-financiera-para-la-educacion-catolica\/"]}]},{"@type":"BreadcrumbList","@id":"https:\/\/csodallas.org\/es\/asistencia-financiera-para-la-educacion-catolica\/#breadcrumb","itemListElement":[{"@type":"ListItem","position":1,"name":"Home","item":"https:\/\/csodallas.org\/es\/"},{"@type":"ListItem","position":2,"name":"Asistencia Financiera para la Educaci\u00f3n Cat\u00f3lica"}]},{"@type":"WebSite","@id":"https:\/\/csodallas.org\/#website","url":"https:\/\/csodallas.org\/","name":"Catholic Schools in the Diocese of Dallas","description":"Forming Saints and Scholars","potentialAction":[{"@type":"SearchAction","target":{"@type":"EntryPoint","urlTemplate":"https:\/\/csodallas.org\/?s={search_term_string}"},"query-input":"required name=search_term_string"}],"inLanguage":"es"}]}},"ticketed":false,"_links":{"self":[{"href":"https:\/\/csodallas.org\/es\/wp-json\/wp\/v2\/pages\/1039"}],"collection":[{"href":"https:\/\/csodallas.org\/es\/wp-json\/wp\/v2\/pages"}],"about":[{"href":"https:\/\/csodallas.org\/es\/wp-json\/wp\/v2\/types\/page"}],"author":[{"embeddable":true,"href":"https:\/\/csodallas.org\/es\/wp-json\/wp\/v2\/users\/5"}],"replies":[{"embeddable":true,"href":"https:\/\/csodallas.org\/es\/wp-json\/wp\/v2\/comments?post=1039"}],"version-history":[{"count":0,"href":"https:\/\/csodallas.org\/es\/wp-json\/wp\/v2\/pages\/1039\/revisions"}],"wp:attachment":[{"href":"https:\/\/csodallas.org\/es\/wp-json\/wp\/v2\/media?parent=1039"}],"curies":[{"name":"wp","href":"https:\/\/api.w.org\/{rel}","templated":true}]}}